{"id":108,"date":"2014-06-23T14:39:59","date_gmt":"2014-06-23T13:39:59","guid":{"rendered":"http:\/\/www.esdras-assurances.fr\/assurance\/?page_id=108"},"modified":"2022-05-05T06:29:16","modified_gmt":"2022-05-05T05:29:16","slug":"contact","status":"publish","type":"page","link":"https:\/\/www.esdras-assurances.fr\/assurance\/?page_id=108","title":{"rendered":"Contact"},"content":{"rendered":"<p style=\"text-align: left;\"><strong><a href=\"http:\/\/www.esdras-assurances.fr\/assurance\/wp-content\/uploads\/2014\/06\/image_038.jpg\"><img loading=\"lazy\" class=\"alignright wp-image-109\" src=\"http:\/\/www.esdras-assurances.fr\/assurance\/wp-content\/uploads\/2014\/06\/image_038-150x150.jpg\" alt=\"image_038\" width=\"140\" height=\"140\" \/><\/a><a href=\"http:\/\/www.esdras-assurances.fr\/assurance\/wp-content\/uploads\/2014\/06\/image_145.jpg\"><img loading=\"lazy\" class=\"alignleft size-thumbnail wp-image-8\" src=\"http:\/\/www.esdras-assurances.fr\/assurance\/wp-content\/uploads\/2014\/06\/image_145-150x150.jpg\" alt=\"image_145\" width=\"150\" height=\"150\" \/><\/a>\u00a0 Cabinet Esdras Assurances<\/strong><\/p>\n<p style=\"text-align: left;\"><strong>\u00a0 Francky Febvay<\/strong><\/p>\n<p style=\"text-align: left;\"><strong>\u00a0 Assureur conseil<\/strong><\/p>\n<p style=\"text-align: left;\"><strong>\u00a0 648 chemin st Lazare<br \/>\n<\/strong><\/p>\n<p style=\"text-align: left;\"><strong>\u00a0 <strong>83136 M\u00e9ounes les Montrieux<\/strong><\/strong><\/p>\n<p style=\"text-align: left;\"><strong>Mob : \u00a0 \u00a0\u00a0 06 28 49 71 47<\/strong><\/p>\n<p style=\"text-align: left;\"><a href=\"mailto:esdras.assurances@orange.fr\">esdras.assurances@orange.fr<\/a><\/p>\n<p style=\"margin: 0cm 0cm 0pt;\" align=\"center\"><span style=\"color: #993366; font-size: 6pt;\"><span style=\"color: #000000; font-family: Times New Roman; font-size: medium;\">Les horaires d&rsquo;ouverture du cabinet sont les suivants :<\/span><\/span><\/p>\n<p style=\"margin: 0cm 0cm 0pt;\" align=\"center\"><span style=\"color: #993366; font-size: 6pt;\"><span style=\"color: #000000; font-family: Times New Roman; font-size: medium;\">Du lundi au vendredi : de\u00a09h \u00e0 12h et de\u00a014h \u00e0 19h<\/span><\/span><\/p>\n<p style=\"margin: 0cm 0cm 0pt;\" align=\"center\"><span style=\"color: #993366; font-size: 6pt;\"><span style=\"color: #000000; font-family: Times New Roman; font-size: medium;\">Le samedi : de 9h \u00e0 12h<\/span><\/span><\/p>\n<p>Si vous souhaitez un devis, merci de nous adresser un email \u00e0 esdras.assurances@orange.fr<\/p>\n<p><span class=\"st\">Nous vous contacterons rapidement.<\/span><\/p>\n<p><strong>Esdras Assurances<\/strong><\/p>\n<p>Ce site Internet est r\u00e9gi par le droit fran\u00e7ais. Les informations recueillies font l\u2019objet d\u2019un traitement informatique destin\u00e9 au responsable de publication.<\/p>\n<p>Seul le responsable de publication pourra acc\u00e9der \u00e0 vos donn\u00e9es \u00e0 des fins strictement internes. Conform\u00e9ment \u00e0 la loi \u201cinformatique et libert\u00e9s\u201d du 6 janvier 1978 modifi\u00e9e en 2004, vous b\u00e9n\u00e9ficiez d\u2019un droit d\u2019acc\u00e8s, de rectification et de suppression des informations qui vous concernent, que vous pouvez exercer en vous adressant \u00e0 \u00a0<a href=\"mailto:esdras.assurances@orange.fr\" target=\"_blank\" rel=\"noopener\">esdras.assurances@orange.fr<\/a><\/p>\n<p style=\"text-align: center;\"><strong>Merci, <span class=\"st\">nous vous contacterons rapidement.<\/span><\/strong><\/p>\n","protected":false},"excerpt":{"rendered":"<p>\u00a0 Cabinet Esdras Assurances \u00a0 Francky Febvay \u00a0 Assureur conseil \u00a0 648 chemin st Lazare \u00a0 83136 M\u00e9ounes les Montrieux Mob : \u00a0 \u00a0\u00a0 06 28 49 71 47 esdras.assurances@orange.fr Les horaires d&rsquo;ouverture du cabinet sont les suivants : Du lundi au vendredi : de\u00a09h \u00e0 12h et de\u00a014h \u00e0 19h Le samedi : de [&hellip;]<\/p>\n","protected":false},"author":1,"featured_media":0,"parent":0,"menu_order":0,"comment_status":"closed","ping_status":"closed","template":"","meta":[],"yoast_head":"<!-- This site is optimized with the Yoast SEO plugin v18.7 - https:\/\/yoast.com\/wordpress\/plugins\/seo\/ -->\n<title>Contact - Esdras Assurances<\/title>\n<meta name=\"robots\" content=\"index, follow, max-snippet:-1, max-image-preview:large, max-video-preview:-1\" \/>\n<link rel=\"canonical\" href=\"https:\/\/www.esdras-assurances.fr\/assurance\/?page_id=108\" \/>\n<meta property=\"og:locale\" content=\"fr_FR\" \/>\n<meta property=\"og:type\" content=\"article\" \/>\n<meta property=\"og:title\" content=\"Contact - Esdras Assurances\" \/>\n<meta property=\"og:description\" content=\"\u00a0 Cabinet Esdras Assurances \u00a0 Francky Febvay \u00a0 Assureur conseil \u00a0 648 chemin st Lazare \u00a0 83136 M\u00e9ounes les Montrieux Mob : \u00a0 \u00a0\u00a0 06 28 49 71 47 esdras.assurances@orange.fr Les horaires d&rsquo;ouverture du cabinet sont les suivants : Du lundi au vendredi : de\u00a09h \u00e0 12h et de\u00a014h \u00e0 19h Le samedi : de [&hellip;]\" \/>\n<meta property=\"og:url\" content=\"https:\/\/www.esdras-assurances.fr\/assurance\/?page_id=108\" \/>\n<meta property=\"og:site_name\" content=\"Esdras Assurances\" \/>\n<meta property=\"article:modified_time\" content=\"2022-05-05T05:29:16+00:00\" \/>\n<meta property=\"og:image\" content=\"http:\/\/www.esdras-assurances.fr\/assurance\/wp-content\/uploads\/2014\/06\/image_038-150x150.jpg\" \/>\n<meta name=\"twitter:label1\" content=\"Dur\u00e9e de lecture estim\u00e9e\" \/>\n\t<meta name=\"twitter:data1\" content=\"2 minutes\" \/>\n<script type=\"application\/ld+json\" class=\"yoast-schema-graph\">{\"@context\":\"https:\/\/schema.org\",\"@graph\":[{\"@type\":\"WebSite\",\"@id\":\"https:\/\/www.esdras-assurances.fr\/assurance\/#website\",\"url\":\"https:\/\/www.esdras-assurances.fr\/assurance\/\",\"name\":\"Esdras Assurances\",\"description\":\"Nous faisons aux autres ce que nous voudrions qu&#039;ils nous fassent !\",\"potentialAction\":[{\"@type\":\"SearchAction\",\"target\":{\"@type\":\"EntryPoint\",\"urlTemplate\":\"https:\/\/www.esdras-assurances.fr\/assurance\/?s={search_term_string}\"},\"query-input\":\"required name=search_term_string\"}],\"inLanguage\":\"fr-FR\"},{\"@type\":\"ImageObject\",\"inLanguage\":\"fr-FR\",\"@id\":\"https:\/\/www.esdras-assurances.fr\/assurance\/?page_id=108#primaryimage\",\"url\":\"https:\/\/www.esdras-assurances.fr\/assurance\/wp-content\/uploads\/2014\/06\/image_038.jpg\",\"contentUrl\":\"https:\/\/www.esdras-assurances.fr\/assurance\/wp-content\/uploads\/2014\/06\/image_038.jpg\",\"width\":277,\"height\":300},{\"@type\":\"WebPage\",\"@id\":\"https:\/\/www.esdras-assurances.fr\/assurance\/?page_id=108#webpage\",\"url\":\"https:\/\/www.esdras-assurances.fr\/assurance\/?page_id=108\",\"name\":\"Contact - Esdras Assurances\",\"isPartOf\":{\"@id\":\"https:\/\/www.esdras-assurances.fr\/assurance\/#website\"},\"primaryImageOfPage\":{\"@id\":\"https:\/\/www.esdras-assurances.fr\/assurance\/?page_id=108#primaryimage\"},\"datePublished\":\"2014-06-23T13:39:59+00:00\",\"dateModified\":\"2022-05-05T05:29:16+00:00\",\"breadcrumb\":{\"@id\":\"https:\/\/www.esdras-assurances.fr\/assurance\/?page_id=108#breadcrumb\"},\"inLanguage\":\"fr-FR\",\"potentialAction\":[{\"@type\":\"ReadAction\",\"target\":[\"https:\/\/www.esdras-assurances.fr\/assurance\/?page_id=108\"]}]},{\"@type\":\"BreadcrumbList\",\"@id\":\"https:\/\/www.esdras-assurances.fr\/assurance\/?page_id=108#breadcrumb\",\"itemListElement\":[{\"@type\":\"ListItem\",\"position\":1,\"name\":\"Accueil\",\"item\":\"https:\/\/www.esdras-assurances.fr\/assurance\/\"},{\"@type\":\"ListItem\",\"position\":2,\"name\":\"Contact\"}]}]}<\/script>\n<!-- \/ Yoast SEO plugin. -->","yoast_head_json":{"title":"Contact - Esdras Assurances","robots":{"index":"index","follow":"follow","max-snippet":"max-snippet:-1","max-image-preview":"max-image-preview:large","max-video-preview":"max-video-preview:-1"},"canonical":"https:\/\/www.esdras-assurances.fr\/assurance\/?page_id=108","og_locale":"fr_FR","og_type":"article","og_title":"Contact - Esdras Assurances","og_description":"\u00a0 Cabinet Esdras Assurances \u00a0 Francky Febvay \u00a0 Assureur conseil \u00a0 648 chemin st Lazare \u00a0 83136 M\u00e9ounes les Montrieux Mob : \u00a0 \u00a0\u00a0 06 28 49 71 47 esdras.assurances@orange.fr Les horaires d&rsquo;ouverture du cabinet sont les suivants : Du lundi au vendredi : de\u00a09h \u00e0 12h et de\u00a014h \u00e0 19h Le samedi : de [&hellip;]","og_url":"https:\/\/www.esdras-assurances.fr\/assurance\/?page_id=108","og_site_name":"Esdras Assurances","article_modified_time":"2022-05-05T05:29:16+00:00","og_image":[{"url":"http:\/\/www.esdras-assurances.fr\/assurance\/wp-content\/uploads\/2014\/06\/image_038-150x150.jpg"}],"twitter_misc":{"Dur\u00e9e de lecture estim\u00e9e":"2 minutes"},"schema":{"@context":"https:\/\/schema.org","@graph":[{"@type":"WebSite","@id":"https:\/\/www.esdras-assurances.fr\/assurance\/#website","url":"https:\/\/www.esdras-assurances.fr\/assurance\/","name":"Esdras Assurances","description":"Nous faisons aux autres ce que nous voudrions qu&#039;ils nous fassent !","potentialAction":[{"@type":"SearchAction","target":{"@type":"EntryPoint","urlTemplate":"https:\/\/www.esdras-assurances.fr\/assurance\/?s={search_term_string}"},"query-input":"required name=search_term_string"}],"inLanguage":"fr-FR"},{"@type":"ImageObject","inLanguage":"fr-FR","@id":"https:\/\/www.esdras-assurances.fr\/assurance\/?page_id=108#primaryimage","url":"https:\/\/www.esdras-assurances.fr\/assurance\/wp-content\/uploads\/2014\/06\/image_038.jpg","contentUrl":"https:\/\/www.esdras-assurances.fr\/assurance\/wp-content\/uploads\/2014\/06\/image_038.jpg","width":277,"height":300},{"@type":"WebPage","@id":"https:\/\/www.esdras-assurances.fr\/assurance\/?page_id=108#webpage","url":"https:\/\/www.esdras-assurances.fr\/assurance\/?page_id=108","name":"Contact - Esdras Assurances","isPartOf":{"@id":"https:\/\/www.esdras-assurances.fr\/assurance\/#website"},"primaryImageOfPage":{"@id":"https:\/\/www.esdras-assurances.fr\/assurance\/?page_id=108#primaryimage"},"datePublished":"2014-06-23T13:39:59+00:00","dateModified":"2022-05-05T05:29:16+00:00","breadcrumb":{"@id":"https:\/\/www.esdras-assurances.fr\/assurance\/?page_id=108#breadcrumb"},"inLanguage":"fr-FR","potentialAction":[{"@type":"ReadAction","target":["https:\/\/www.esdras-assurances.fr\/assurance\/?page_id=108"]}]},{"@type":"BreadcrumbList","@id":"https:\/\/www.esdras-assurances.fr\/assurance\/?page_id=108#breadcrumb","itemListElement":[{"@type":"ListItem","position":1,"name":"Accueil","item":"https:\/\/www.esdras-assurances.fr\/assurance\/"},{"@type":"ListItem","position":2,"name":"Contact"}]}]}},"_links":{"self":[{"href":"https:\/\/www.esdras-assurances.fr\/assurance\/index.php?rest_route=\/wp\/v2\/pages\/108"}],"collection":[{"href":"https:\/\/www.esdras-assurances.fr\/assurance\/index.php?rest_route=\/wp\/v2\/pages"}],"about":[{"href":"https:\/\/www.esdras-assurances.fr\/assurance\/index.php?rest_route=\/wp\/v2\/types\/page"}],"author":[{"embeddable":true,"href":"https:\/\/www.esdras-assurances.fr\/assurance\/index.php?rest_route=\/wp\/v2\/users\/1"}],"replies":[{"embeddable":true,"href":"https:\/\/www.esdras-assurances.fr\/assurance\/index.php?rest_route=%2Fwp%2Fv2%2Fcomments&post=108"}],"version-history":[{"count":19,"href":"https:\/\/www.esdras-assurances.fr\/assurance\/index.php?rest_route=\/wp\/v2\/pages\/108\/revisions"}],"predecessor-version":[{"id":373,"href":"https:\/\/www.esdras-assurances.fr\/assurance\/index.php?rest_route=\/wp\/v2\/pages\/108\/revisions\/373"}],"wp:attachment":[{"href":"https:\/\/www.esdras-assurances.fr\/assurance\/index.php?rest_route=%2Fwp%2Fv2%2Fmedia&parent=108"}],"curies":[{"name":"wp","href":"https:\/\/api.w.org\/{rel}","templated":true}]}}