{"id":11,"date":"2014-06-22T14:26:23","date_gmt":"2014-06-22T13:26:23","guid":{"rendered":"http:\/\/www.esdras-assurances.fr\/assurance\/?page_id=11"},"modified":"2014-07-02T14:03:21","modified_gmt":"2014-07-02T13:03:21","slug":"particuliers","status":"publish","type":"page","link":"https:\/\/www.esdras-assurances.fr\/assurance\/?page_id=11","title":{"rendered":"Particuliers"},"content":{"rendered":"<table border=\"0\" width=\"100%\" cellspacing=\"0\" cellpadding=\"0\" align=\"center\">\n<tbody>\n<tr>\n<td>\n<p align=\"center\"><span style=\"color: #ff6600; font-family: 'Times New Roman'; font-size: medium;\"><strong>Poss\u00e9der une assurance pour vous et\u00a0pour vos biens est devenu essentiel (et parfois m\u00eame obligatoire),<br \/>\nmais quel partenaire vous apportera la bonne garantie, au bon moment?<\/strong><\/span><\/p>\n<p align=\"center\"><span style=\"color: #3366ff;\"><span style=\"color: #ff6600; font-family: 'Times New Roman'; font-size: medium;\"><strong>Esdras Assurances est l\u00e0 pour vous \u00e9couter et vous conseiller dans tous ces domaines !<\/strong><\/span><br \/>\n<\/span><\/p>\n<table width=\"100%\" cellspacing=\"0\" cellpadding=\"0\">\n<tbody>\n<tr valign=\"top\">\n<td width=\"25%\">\n<p align=\"center\"><img src=\"http:\/\/www.esdras-assurances.fr\/assurance\/wp-content\/uploads\/2014\/06\/image_108.jpg\" alt=\"\" border=\"0\" \/><\/p>\n<\/td>\n<td width=\"75%\"><a title=\"Automobiles et 2 roues\" href=\"http:\/\/www.esdras-assurances.fr\/assurance\/?page_id=27\">Assurance\u00a0auto<\/a><br \/>\nDes partenaires performants afin de vous fournir le meilleur prix et le meilleur service en fonction de votre profil.<\/td>\n<\/tr>\n<tr>\n<td width=\"25%\">\n<p align=\"center\"><a href=\"habitation_098.htm\"><img src=\"http:\/\/www.esdras-assurances.fr\/assurance\/wp-content\/uploads\/2014\/06\/image_118.jpg\" alt=\"\" border=\"0\" \/><\/a><\/p>\n<\/td>\n<td><a title=\"Habitation\" href=\"http:\/\/www.esdras-assurances.fr\/assurance\/?page_id=37\">Assurance habitation<\/a><br \/>\nUne gamme de produits pour <span style=\"color: #000000;\">votre<\/span> <span style=\"color: #000000;\">habitation<\/span> quels que soient vos besoins.<\/td>\n<\/tr>\n<tr>\n<td width=\"25%\">\n<p align=\"center\"><a href=\"assurance_vie__epargne__retraite_114.htm\"><img loading=\"lazy\" src=\"http:\/\/www.esdras-assurances.fr\/assurance\/wp-content\/uploads\/2014\/06\/image_110.jpg\" alt=\"\" width=\"89\" height=\"67\" border=\"0\" \/><\/a><\/p>\n<\/td>\n<td><a title=\"Assurance-vie, \u00e9pargne, retraite\" href=\"http:\/\/www.esdras-assurances.fr\/assurance\/?page_id=40\">Pr\u00e9voyance (assurance vie, \u00e9pargne, retraite,&#8230;)<\/a><br \/>\nD\u00e9couvrez nos produits et nos partenaires.<\/td>\n<\/tr>\n<tr>\n<td width=\"25%\">\n<p align=\"center\"><a href=\"pret_144.htm\"><img src=\"http:\/\/www.esdras-assurances.fr\/assurance\/wp-content\/uploads\/2014\/06\/image_119.jpg\" alt=\"\" border=\"0\" \/><\/a><\/p>\n<\/td>\n<td><a title=\"Pr\u00eat\" href=\"http:\/\/www.esdras-assurances.fr\/assurance\/?page_id=43\">Pr\u00eat<\/a><br \/>\nNous sommes \u00e0 vos c\u00f4t\u00e9s pour r\u00e9aliser vos projets.<\/td>\n<\/tr>\n<tr>\n<td width=\"25%\">\n<p align=\"center\"><a href=\"mutuelle_113.htm\"><img src=\"http:\/\/www.esdras-assurances.fr\/assurance\/wp-content\/uploads\/2014\/06\/image_136.jpg\" alt=\"\" border=\"0\" \/><\/a><\/p>\n<\/td>\n<td width=\"75%\"><a title=\"Sant\u00e9\" href=\"http:\/\/www.esdras-assurances.fr\/assurance\/?page_id=48\">Sant\u00e9<\/a><br \/>\nUne mutuelle sur laquelle on <span style=\"color: #000000;\">peut<\/span> compter quelles que soient les circonstances.<\/td>\n<\/tr>\n<tr>\n<td width=\"25%\">\n<p align=\"center\"><span style=\"color: #000000;\"><a href=\"assurance_scolaire_127.htm\"><img src=\"http:\/\/www.esdras-assurances.fr\/assurance\/wp-content\/uploads\/2014\/06\/image_137.jpg\" alt=\"\" border=\"0\" \/><\/a><\/span><\/p>\n<\/td>\n<td><a title=\"Assurance scolaire\" href=\"http:\/\/www.esdras-assurances.fr\/assurance\/?page_id=51\">Assurance scolaire<br \/>\n<\/a>Assurez vos enfants \u00e0 <span style=\"color: #000000;\">l&rsquo;\u00e9cole.<\/span><\/td>\n<\/tr>\n<tr>\n<td width=\"25%\">\n<p align=\"center\"><span style=\"color: #000000;\"><a href=\"assurance_chien_et_chat_128.htm\"><img src=\"http:\/\/www.esdras-assurances.fr\/assurance\/wp-content\/uploads\/2014\/06\/image_121.jpg\" alt=\"\" border=\"0\" \/><\/a><\/span><\/p>\n<\/td>\n<td><a title=\"Chiens, chats\u2026\" href=\"http:\/\/www.esdras-assurances.fr\/assurance\/?page_id=55\">Assurance chiens et chats<\/a><br \/>\n<span style=\"color: #000000;\">prot\u00e9gez vos <span style=\"color: #000000;\">animaux<\/span> de compagnie au <\/span><span style=\"color: #000000;\">quotidien.<\/span><\/td>\n<\/tr>\n<\/tbody>\n<\/table>\n<hr size=\"1\" width=\"95%\" \/>\n<\/td>\n<\/tr>\n<\/tbody>\n<\/table>\n","protected":false},"excerpt":{"rendered":"<p>Poss\u00e9der une assurance pour vous et\u00a0pour vos biens est devenu essentiel (et parfois m\u00eame obligatoire), mais quel partenaire vous apportera la bonne garantie, au bon moment? Esdras Assurances est l\u00e0 pour vous \u00e9couter et vous conseiller dans tous ces domaines ! Assurance\u00a0auto Des partenaires performants afin de vous fournir le meilleur prix et le meilleur [&hellip;]<\/p>\n","protected":false},"author":1,"featured_media":0,"parent":0,"menu_order":0,"comment_status":"closed","ping_status":"closed","template":"","meta":[],"yoast_head":"<!-- This site is optimized with the Yoast SEO plugin v18.7 - https:\/\/yoast.com\/wordpress\/plugins\/seo\/ -->\n<title>Particuliers - Esdras Assurances<\/title>\n<meta name=\"robots\" content=\"index, follow, max-snippet:-1, max-image-preview:large, max-video-preview:-1\" \/>\n<link rel=\"canonical\" href=\"https:\/\/www.esdras-assurances.fr\/assurance\/?page_id=11\" \/>\n<meta property=\"og:locale\" content=\"fr_FR\" \/>\n<meta property=\"og:type\" content=\"article\" \/>\n<meta property=\"og:title\" content=\"Particuliers - Esdras Assurances\" \/>\n<meta property=\"og:description\" content=\"Poss\u00e9der une assurance pour vous et\u00a0pour vos biens est devenu essentiel (et parfois m\u00eame obligatoire), mais quel partenaire vous apportera la bonne garantie, au bon moment? Esdras Assurances est l\u00e0 pour vous \u00e9couter et vous conseiller dans tous ces domaines ! Assurance\u00a0auto Des partenaires performants afin de vous fournir le meilleur prix et le meilleur [&hellip;]\" \/>\n<meta property=\"og:url\" content=\"https:\/\/www.esdras-assurances.fr\/assurance\/?page_id=11\" \/>\n<meta property=\"og:site_name\" content=\"Esdras Assurances\" \/>\n<meta property=\"article:modified_time\" content=\"2014-07-02T13:03:21+00:00\" \/>\n<meta property=\"og:image\" content=\"http:\/\/www.esdras-assurances.fr\/assurance\/wp-content\/uploads\/2014\/06\/image_108.jpg\" \/>\n<meta name=\"twitter:label1\" content=\"Dur\u00e9e de lecture estim\u00e9e\" \/>\n\t<meta name=\"twitter:data1\" content=\"1 minute\" \/>\n<script type=\"application\/ld+json\" class=\"yoast-schema-graph\">{\"@context\":\"https:\/\/schema.org\",\"@graph\":[{\"@type\":\"WebSite\",\"@id\":\"https:\/\/www.esdras-assurances.fr\/assurance\/#website\",\"url\":\"https:\/\/www.esdras-assurances.fr\/assurance\/\",\"name\":\"Esdras Assurances\",\"description\":\"Nous faisons aux autres ce que nous voudrions qu&#039;ils nous fassent !\",\"potentialAction\":[{\"@type\":\"SearchAction\",\"target\":{\"@type\":\"EntryPoint\",\"urlTemplate\":\"https:\/\/www.esdras-assurances.fr\/assurance\/?s={search_term_string}\"},\"query-input\":\"required name=search_term_string\"}],\"inLanguage\":\"fr-FR\"},{\"@type\":\"ImageObject\",\"inLanguage\":\"fr-FR\",\"@id\":\"https:\/\/www.esdras-assurances.fr\/assurance\/?page_id=11#primaryimage\",\"url\":\"https:\/\/www.esdras-assurances.fr\/assurance\/wp-content\/uploads\/2014\/06\/image_108.jpg\",\"contentUrl\":\"https:\/\/www.esdras-assurances.fr\/assurance\/wp-content\/uploads\/2014\/06\/image_108.jpg\",\"width\":89,\"height\":67},{\"@type\":\"WebPage\",\"@id\":\"https:\/\/www.esdras-assurances.fr\/assurance\/?page_id=11#webpage\",\"url\":\"https:\/\/www.esdras-assurances.fr\/assurance\/?page_id=11\",\"name\":\"Particuliers - Esdras Assurances\",\"isPartOf\":{\"@id\":\"https:\/\/www.esdras-assurances.fr\/assurance\/#website\"},\"primaryImageOfPage\":{\"@id\":\"https:\/\/www.esdras-assurances.fr\/assurance\/?page_id=11#primaryimage\"},\"datePublished\":\"2014-06-22T13:26:23+00:00\",\"dateModified\":\"2014-07-02T13:03:21+00:00\",\"breadcrumb\":{\"@id\":\"https:\/\/www.esdras-assurances.fr\/assurance\/?page_id=11#breadcrumb\"},\"inLanguage\":\"fr-FR\",\"potentialAction\":[{\"@type\":\"ReadAction\",\"target\":[\"https:\/\/www.esdras-assurances.fr\/assurance\/?page_id=11\"]}]},{\"@type\":\"BreadcrumbList\",\"@id\":\"https:\/\/www.esdras-assurances.fr\/assurance\/?page_id=11#breadcrumb\",\"itemListElement\":[{\"@type\":\"ListItem\",\"position\":1,\"name\":\"Accueil\",\"item\":\"https:\/\/www.esdras-assurances.fr\/assurance\/\"},{\"@type\":\"ListItem\",\"position\":2,\"name\":\"Particuliers\"}]}]}<\/script>\n<!-- \/ Yoast SEO plugin. -->","yoast_head_json":{"title":"Particuliers - Esdras Assurances","robots":{"index":"index","follow":"follow","max-snippet":"max-snippet:-1","max-image-preview":"max-image-preview:large","max-video-preview":"max-video-preview:-1"},"canonical":"https:\/\/www.esdras-assurances.fr\/assurance\/?page_id=11","og_locale":"fr_FR","og_type":"article","og_title":"Particuliers - Esdras Assurances","og_description":"Poss\u00e9der une assurance pour vous et\u00a0pour vos biens est devenu essentiel (et parfois m\u00eame obligatoire), mais quel partenaire vous apportera la bonne garantie, au bon moment? Esdras Assurances est l\u00e0 pour vous \u00e9couter et vous conseiller dans tous ces domaines ! Assurance\u00a0auto Des partenaires performants afin de vous fournir le meilleur prix et le meilleur [&hellip;]","og_url":"https:\/\/www.esdras-assurances.fr\/assurance\/?page_id=11","og_site_name":"Esdras Assurances","article_modified_time":"2014-07-02T13:03:21+00:00","og_image":[{"url":"http:\/\/www.esdras-assurances.fr\/assurance\/wp-content\/uploads\/2014\/06\/image_108.jpg"}],"twitter_misc":{"Dur\u00e9e de lecture estim\u00e9e":"1 minute"},"schema":{"@context":"https:\/\/schema.org","@graph":[{"@type":"WebSite","@id":"https:\/\/www.esdras-assurances.fr\/assurance\/#website","url":"https:\/\/www.esdras-assurances.fr\/assurance\/","name":"Esdras Assurances","description":"Nous faisons aux autres ce que nous voudrions qu&#039;ils nous fassent !","potentialAction":[{"@type":"SearchAction","target":{"@type":"EntryPoint","urlTemplate":"https:\/\/www.esdras-assurances.fr\/assurance\/?s={search_term_string}"},"query-input":"required name=search_term_string"}],"inLanguage":"fr-FR"},{"@type":"ImageObject","inLanguage":"fr-FR","@id":"https:\/\/www.esdras-assurances.fr\/assurance\/?page_id=11#primaryimage","url":"https:\/\/www.esdras-assurances.fr\/assurance\/wp-content\/uploads\/2014\/06\/image_108.jpg","contentUrl":"https:\/\/www.esdras-assurances.fr\/assurance\/wp-content\/uploads\/2014\/06\/image_108.jpg","width":89,"height":67},{"@type":"WebPage","@id":"https:\/\/www.esdras-assurances.fr\/assurance\/?page_id=11#webpage","url":"https:\/\/www.esdras-assurances.fr\/assurance\/?page_id=11","name":"Particuliers - Esdras Assurances","isPartOf":{"@id":"https:\/\/www.esdras-assurances.fr\/assurance\/#website"},"primaryImageOfPage":{"@id":"https:\/\/www.esdras-assurances.fr\/assurance\/?page_id=11#primaryimage"},"datePublished":"2014-06-22T13:26:23+00:00","dateModified":"2014-07-02T13:03:21+00:00","breadcrumb":{"@id":"https:\/\/www.esdras-assurances.fr\/assurance\/?page_id=11#breadcrumb"},"inLanguage":"fr-FR","potentialAction":[{"@type":"ReadAction","target":["https:\/\/www.esdras-assurances.fr\/assurance\/?page_id=11"]}]},{"@type":"BreadcrumbList","@id":"https:\/\/www.esdras-assurances.fr\/assurance\/?page_id=11#breadcrumb","itemListElement":[{"@type":"ListItem","position":1,"name":"Accueil","item":"https:\/\/www.esdras-assurances.fr\/assurance\/"},{"@type":"ListItem","position":2,"name":"Particuliers"}]}]}},"_links":{"self":[{"href":"https:\/\/www.esdras-assurances.fr\/assurance\/index.php?rest_route=\/wp\/v2\/pages\/11"}],"collection":[{"href":"https:\/\/www.esdras-assurances.fr\/assurance\/index.php?rest_route=\/wp\/v2\/pages"}],"about":[{"href":"https:\/\/www.esdras-assurances.fr\/assurance\/index.php?rest_route=\/wp\/v2\/types\/page"}],"author":[{"embeddable":true,"href":"https:\/\/www.esdras-assurances.fr\/assurance\/index.php?rest_route=\/wp\/v2\/users\/1"}],"replies":[{"embeddable":true,"href":"https:\/\/www.esdras-assurances.fr\/assurance\/index.php?rest_route=%2Fwp%2Fv2%2Fcomments&post=11"}],"version-history":[{"count":21,"href":"https:\/\/www.esdras-assurances.fr\/assurance\/index.php?rest_route=\/wp\/v2\/pages\/11\/revisions"}],"predecessor-version":[{"id":21,"href":"https:\/\/www.esdras-assurances.fr\/assurance\/index.php?rest_route=\/wp\/v2\/pages\/11\/revisions\/21"}],"wp:attachment":[{"href":"https:\/\/www.esdras-assurances.fr\/assurance\/index.php?rest_route=%2Fwp%2Fv2%2Fmedia&parent=11"}],"curies":[{"name":"wp","href":"https:\/\/api.w.org\/{rel}","templated":true}]}}