{"id":119,"date":"2014-06-23T14:54:02","date_gmt":"2014-06-23T13:54:02","guid":{"rendered":"http:\/\/www.esdras-assurances.fr\/assurance\/?page_id=119"},"modified":"2014-07-07T15:36:23","modified_gmt":"2014-07-07T14:36:23","slug":"temoignages","status":"publish","type":"page","link":"https:\/\/www.esdras-assurances.fr\/assurance\/?page_id=119","title":{"rendered":"T\u00e9moignages"},"content":{"rendered":"<table border=\"0\" width=\"100%\" cellspacing=\"0\" cellpadding=\"0\" align=\"center\">\n<tbody>\n<tr>\n<td><center><span style=\"color: #0000ff;\">Quel meilleur discours que celui de personnes satisfaites par nos services ?<\/span><\/center><\/p>\n<p align=\"left\"><span style=\"font-family: Times New Roman; font-size: medium;\">Si vous aussi vous souhaitez t\u00e9moigner, <\/span><a title=\"Contact\" href=\"http:\/\/www.esdras-assurances.fr\/assurance\/?page_id=108\">\u00e9crivez vous<\/a><span style=\"font-family: Times New Roman; font-size: medium;\">.<\/span><\/p>\n<p align=\"left\"><span style=\"font-family: Times New Roman; font-size: medium;\"><span style=\"color: #0000ff;\"><span style=\"text-decoration: underline;\"><span style=\"color: #ff6600;\"><span style=\"margin-left: 25px;\">Retrouvez<\/span> ci-dessous des t\u00e9moignages de personnes assur\u00e9es\u00a0par notre cabinet<\/span><\/span> :<\/span><\/span><\/p>\n<p align=\"left\"><span style=\"font-family: Times New Roman;\"><span style=\"font-size: medium;\"><span style=\"margin-left: 25px;\">Pour<\/span> moi, Francky est un ami, quelqu&rsquo;un de s\u00e9rieux qui travaille le mieux possible et qui est toujours l\u00e0 en cas de besoin.<br \/>\nSi il fallait mettre une note \u00e7a serait un 19\/20 voire un 20\/20.<br \/>\nEn cas de probl\u00e8me de voiture, il fera du mieux possible. Les prix sont int\u00e9ressants et pr\u00e9sentent bon rapport qualit\u00e9\/prix. Il fait tout\u00a0pour arranger ses clients\u00a0dans les domaines demand\u00e9s.<br \/>\nDisponible et contacts par t\u00e9l\u00e9phone : pratique et rapide (ex de la souscription d&rsquo;assurance auto pour mon fils tout le transfert d&rsquo;assurance s&rsquo;est fait tr\u00e8s vite).<br \/>\nJe l&rsquo;ai recommande \u00e0 mon entourage en plusieurs fois.<br \/>\nBeaucoup de personnes assur\u00e9es au cabinet le sont gr\u00e2ce \u00e0 lui.<\/span><\/span><\/p>\n<p align=\"left\"><span style=\"color: #0000ff; font-family: Times New Roman; font-size: medium;\">Michel Nicolas\u00a0L. (83)<\/span><\/p>\n<hr size=\"1\" width=\"70%\" \/>\n<p align=\"left\"><span style=\"font-family: Times New Roman; font-size: medium;\"><span style=\"margin-left: 25px;\">Je<\/span> suis super contente des services de Francky et Val\u00e9rie Febvay : r\u00e9ponses rapides, contacts personnels et chaleureux.<br \/>\nNous (je parle pour moi, mais je suis s\u00fbre pour bien d&rsquo;autres) sommes trait\u00e9s davantage comme des amis que comme de simples clients &#8211; une diff\u00e9rence qui ne peut laisser indiff\u00e9rent dans le monde o\u00f9 nous vivons !<\/span><\/p>\n<p align=\"left\"><span style=\"color: #0000ff; font-family: Times New Roman; font-size: medium;\">Paule B. (06)<\/span><\/p>\n<hr size=\"1\" width=\"70%\" \/>\n<p align=\"left\"><a href=\"http:\/\/www.esdras-assurances.fr\/assurance\/wp-content\/uploads\/2014\/06\/image_039.jpg\"><img loading=\"lazy\" class=\"aligncenter size-thumbnail wp-image-122\" src=\"http:\/\/www.esdras-assurances.fr\/assurance\/wp-content\/uploads\/2014\/06\/image_039-150x133.jpg\" alt=\"image_039\" width=\"150\" height=\"133\" \/><\/a><\/p>\n<p align=\"left\"><span style=\"font-family: Times New Roman; font-size: medium;\"><span style=\"margin-left: 25px;\">Ceci<\/span> n\u2019est pas un cabinet qui est comme bien d\u2019autres, mais tous les contrats que nous avons chez lui (Maison, auto, mutuelle) sont bien \u00e9tudi\u00e9 au plus offrant en restant dans des prix accessibles mais surtout\u00a0 mesur\u00e9 car par exemple pour le v\u00e9hicule de Jonathan nous devions avoir un contrat qui prend en mesure le contenant car c\u2019est un fauteuil \u00e9lectrique qui co\u00fbte plus cher que le v\u00e9hicule !<\/span><\/p>\n<p align=\"left\"><span style=\"font-family: Times New Roman; font-size: medium;\">Pour la Maison nous avons test\u00e9 deux sinistres (cambriolage, et risque \u00e9lectrique sur la chaudi\u00e8re\u00a0 et nous avons eu des paiements sans franchise) <\/span><\/p>\n<p align=\"left\"><span style=\"color: #0000ff; font-family: Times New Roman; font-size: medium;\">Michel L. (26)<\/span><\/p>\n<hr size=\"1\" width=\"70%\" \/>\n<p align=\"left\"><span style=\"font-family: Times New Roman; font-size: medium;\"><span style=\"margin-left: 25px;\">Francky<\/span> Febvay ? Il assure \u00e0 max !!!<\/span><\/p>\n<p align=\"left\"><span style=\"font-family: Times New Roman; font-size: medium;\"><span style=\"margin-left: 25px;\">Et<\/span> de plus il sait aussi \u00eatre un r\u00e9el soutien spirituel&#8230; Je me rappel encore du vol de mon Audi A3 et de mon scooter Piaggio X9 le 23\/12\/06 en r\u00e9gion parisienne, par \u00ab\u00a0home jacking\u00a0\u00bb (vol des cl\u00e9s des v\u00e9hicules DANS la maison)&#8230; Le cabinet a su \u00eatre tr\u00e8s rapide et en moins de 3 mois, tout \u00e9tait r\u00e9gl\u00e9 au niveau des assurances, simplement INCROYABLE !<\/span><\/p>\n<p align=\"left\"><span style=\"font-family: Times New Roman; font-size: medium;\">En plus d&rsquo;un s\u00e9rieux, d&rsquo;une honn\u00eatet\u00e9 et d&rsquo;une rigueur \u00e0 toute \u00e9preuve, avoir un tel fr\u00e8re en J\u00e9sus qui prie pour vous et qui sait vous entourer est vraiment pr\u00e9cieux.<\/span><\/p>\n<p align=\"left\"><span style=\"font-family: Times New Roman; font-size: medium;\">Je ne pense pas que vous puissiez trouver tout \u00e7a ailleurs.<\/span><\/p>\n<p align=\"left\"><span style=\"font-family: Times New Roman; font-size: medium;\"><span style=\"color: #0000ff;\">Fr\u00e9d\u00e9ric G. (67)<\/span><\/span><\/p>\n<hr size=\"1\" width=\"70%\" \/>\n<p>&nbsp;<\/p>\n<p><a href=\"http:\/\/www.esdras-assurances.fr\/assurance\/wp-content\/uploads\/2014\/06\/image_040.jpg\"><img loading=\"lazy\" class=\"aligncenter size-thumbnail wp-image-124\" src=\"http:\/\/www.esdras-assurances.fr\/assurance\/wp-content\/uploads\/2014\/06\/image_040-150x150.jpg\" alt=\"image_040\" width=\"150\" height=\"150\" \/><\/a><\/p>\n<p align=\"left\"><span style=\"font-family: Times New Roman; font-size: medium;\">Le s\u00e9rieux des s\u00e9rieux.<br \/>\nComp\u00e9tent, rapide, et un v\u00e9ritable esprit de service.\u00a0Le cabinet\u00a0se met \u00e0 la place de ses\u00a0clients et cherche avec intelligence et compassion\u00a0ce qui sera le\u00a0mieux pour\u00a0eux. 20\/20<\/span><\/p>\n<p align=\"left\"><span style=\"color: #0000ff; font-family: Times New Roman; font-size: medium;\">Paul-Gerhard M. (34)<\/span><\/p>\n<hr size=\"1\" width=\"70%\" \/>\n<p>&nbsp;<\/p>\n<p><span style=\"font-family: Times New Roman; font-size: medium;\">J&rsquo;ai eu l&rsquo;opportunit\u00e9 de connaitre le cabinet de Francky Febvay\u00a0gr\u00e2ce \u00e0\u00a0des amis, nous avons fait un devis et l\u00e0 j&rsquo;ai vu la diff\u00e9rence de prix.Cela fait d\u00e9j\u00e0 3 ou 4 ans et nous sommes devenus des amis. Je consid\u00e8re\u00a0Monsieur Febvay\u00a0comme un grand professionnel et\u00a0 comme un ami\u00a0ayant un contact toujours gentil et \u00e9tant\u00a0de bon conseil. J&rsquo;ai d\u00e9j\u00e0\u00a0re\u00e7u des r\u00e9ponses imm\u00e9diates\u00a0\u00e0 2 reprises lorsque\u00a0que j&rsquo;ai eu des probl\u00e8mes.<\/span><\/p>\n<p><span style=\"color: #0000ff; font-family: Times New Roman; font-size: medium;\">Guillermo C. (33)<\/span><\/p>\n<hr size=\"1\" width=\"70%\" \/>\n<p><span style=\"font-family: Times New Roman;\"><span style=\"font-size: medium;\">Si \u00e0 votre tour vous souhaitez t\u00e9moigner, <span style=\"color: #000000;\"><a title=\"Contact\" href=\"http:\/\/www.esdras-assurances.fr\/assurance\/?page_id=108\">\u00e9crivez nous.<\/a><\/span><\/span><\/span><\/p>\n<p>&nbsp;<\/td>\n<\/tr>\n<\/tbody>\n<\/table>\n","protected":false},"excerpt":{"rendered":"<p>Quel meilleur discours que celui de personnes satisfaites par nos services ? Si vous aussi vous souhaitez t\u00e9moigner, \u00e9crivez vous. Retrouvez ci-dessous des t\u00e9moignages de personnes assur\u00e9es\u00a0par notre cabinet : Pour moi, Francky est un ami, quelqu&rsquo;un de s\u00e9rieux qui travaille le mieux possible et qui est toujours l\u00e0 en cas de besoin. Si il [&hellip;]<\/p>\n","protected":false},"author":1,"featured_media":0,"parent":0,"menu_order":0,"comment_status":"closed","ping_status":"closed","template":"","meta":[],"yoast_head":"<!-- This site is optimized with the Yoast SEO plugin v18.7 - https:\/\/yoast.com\/wordpress\/plugins\/seo\/ -->\n<title>T\u00e9moignages - Esdras Assurances<\/title>\n<meta name=\"robots\" content=\"index, follow, max-snippet:-1, max-image-preview:large, max-video-preview:-1\" \/>\n<link rel=\"canonical\" href=\"https:\/\/www.esdras-assurances.fr\/assurance\/?page_id=119\" \/>\n<meta property=\"og:locale\" content=\"fr_FR\" \/>\n<meta property=\"og:type\" content=\"article\" \/>\n<meta property=\"og:title\" content=\"T\u00e9moignages - Esdras Assurances\" \/>\n<meta property=\"og:description\" content=\"Quel meilleur discours que celui de personnes satisfaites par nos services ? Si vous aussi vous souhaitez t\u00e9moigner, \u00e9crivez vous. Retrouvez ci-dessous des t\u00e9moignages de personnes assur\u00e9es\u00a0par notre cabinet : Pour moi, Francky est un ami, quelqu&rsquo;un de s\u00e9rieux qui travaille le mieux possible et qui est toujours l\u00e0 en cas de besoin. Si il [&hellip;]\" \/>\n<meta property=\"og:url\" content=\"https:\/\/www.esdras-assurances.fr\/assurance\/?page_id=119\" \/>\n<meta property=\"og:site_name\" content=\"Esdras Assurances\" \/>\n<meta property=\"article:modified_time\" content=\"2014-07-07T14:36:23+00:00\" \/>\n<meta property=\"og:image\" content=\"http:\/\/www.esdras-assurances.fr\/assurance\/wp-content\/uploads\/2014\/06\/image_039-150x133.jpg\" \/>\n<meta name=\"twitter:label1\" content=\"Dur\u00e9e de lecture estim\u00e9e\" \/>\n\t<meta name=\"twitter:data1\" content=\"3 minutes\" \/>\n<script type=\"application\/ld+json\" class=\"yoast-schema-graph\">{\"@context\":\"https:\/\/schema.org\",\"@graph\":[{\"@type\":\"WebSite\",\"@id\":\"https:\/\/www.esdras-assurances.fr\/assurance\/#website\",\"url\":\"https:\/\/www.esdras-assurances.fr\/assurance\/\",\"name\":\"Esdras Assurances\",\"description\":\"Nous faisons aux autres ce que nous voudrions qu&#039;ils nous fassent !\",\"potentialAction\":[{\"@type\":\"SearchAction\",\"target\":{\"@type\":\"EntryPoint\",\"urlTemplate\":\"https:\/\/www.esdras-assurances.fr\/assurance\/?s={search_term_string}\"},\"query-input\":\"required name=search_term_string\"}],\"inLanguage\":\"fr-FR\"},{\"@type\":\"ImageObject\",\"inLanguage\":\"fr-FR\",\"@id\":\"https:\/\/www.esdras-assurances.fr\/assurance\/?page_id=119#primaryimage\",\"url\":\"https:\/\/www.esdras-assurances.fr\/assurance\/wp-content\/uploads\/2014\/06\/image_039.jpg\",\"contentUrl\":\"https:\/\/www.esdras-assurances.fr\/assurance\/wp-content\/uploads\/2014\/06\/image_039.jpg\",\"width\":180,\"height\":133},{\"@type\":\"WebPage\",\"@id\":\"https:\/\/www.esdras-assurances.fr\/assurance\/?page_id=119#webpage\",\"url\":\"https:\/\/www.esdras-assurances.fr\/assurance\/?page_id=119\",\"name\":\"T\u00e9moignages - Esdras Assurances\",\"isPartOf\":{\"@id\":\"https:\/\/www.esdras-assurances.fr\/assurance\/#website\"},\"primaryImageOfPage\":{\"@id\":\"https:\/\/www.esdras-assurances.fr\/assurance\/?page_id=119#primaryimage\"},\"datePublished\":\"2014-06-23T13:54:02+00:00\",\"dateModified\":\"2014-07-07T14:36:23+00:00\",\"breadcrumb\":{\"@id\":\"https:\/\/www.esdras-assurances.fr\/assurance\/?page_id=119#breadcrumb\"},\"inLanguage\":\"fr-FR\",\"potentialAction\":[{\"@type\":\"ReadAction\",\"target\":[\"https:\/\/www.esdras-assurances.fr\/assurance\/?page_id=119\"]}]},{\"@type\":\"BreadcrumbList\",\"@id\":\"https:\/\/www.esdras-assurances.fr\/assurance\/?page_id=119#breadcrumb\",\"itemListElement\":[{\"@type\":\"ListItem\",\"position\":1,\"name\":\"Accueil\",\"item\":\"https:\/\/www.esdras-assurances.fr\/assurance\/\"},{\"@type\":\"ListItem\",\"position\":2,\"name\":\"T\u00e9moignages\"}]}]}<\/script>\n<!-- \/ Yoast SEO plugin. -->","yoast_head_json":{"title":"T\u00e9moignages - Esdras Assurances","robots":{"index":"index","follow":"follow","max-snippet":"max-snippet:-1","max-image-preview":"max-image-preview:large","max-video-preview":"max-video-preview:-1"},"canonical":"https:\/\/www.esdras-assurances.fr\/assurance\/?page_id=119","og_locale":"fr_FR","og_type":"article","og_title":"T\u00e9moignages - Esdras Assurances","og_description":"Quel meilleur discours que celui de personnes satisfaites par nos services ? Si vous aussi vous souhaitez t\u00e9moigner, \u00e9crivez vous. Retrouvez ci-dessous des t\u00e9moignages de personnes assur\u00e9es\u00a0par notre cabinet : Pour moi, Francky est un ami, quelqu&rsquo;un de s\u00e9rieux qui travaille le mieux possible et qui est toujours l\u00e0 en cas de besoin. Si il [&hellip;]","og_url":"https:\/\/www.esdras-assurances.fr\/assurance\/?page_id=119","og_site_name":"Esdras Assurances","article_modified_time":"2014-07-07T14:36:23+00:00","og_image":[{"url":"http:\/\/www.esdras-assurances.fr\/assurance\/wp-content\/uploads\/2014\/06\/image_039-150x133.jpg"}],"twitter_misc":{"Dur\u00e9e de lecture estim\u00e9e":"3 minutes"},"schema":{"@context":"https:\/\/schema.org","@graph":[{"@type":"WebSite","@id":"https:\/\/www.esdras-assurances.fr\/assurance\/#website","url":"https:\/\/www.esdras-assurances.fr\/assurance\/","name":"Esdras Assurances","description":"Nous faisons aux autres ce que nous voudrions qu&#039;ils nous fassent !","potentialAction":[{"@type":"SearchAction","target":{"@type":"EntryPoint","urlTemplate":"https:\/\/www.esdras-assurances.fr\/assurance\/?s={search_term_string}"},"query-input":"required name=search_term_string"}],"inLanguage":"fr-FR"},{"@type":"ImageObject","inLanguage":"fr-FR","@id":"https:\/\/www.esdras-assurances.fr\/assurance\/?page_id=119#primaryimage","url":"https:\/\/www.esdras-assurances.fr\/assurance\/wp-content\/uploads\/2014\/06\/image_039.jpg","contentUrl":"https:\/\/www.esdras-assurances.fr\/assurance\/wp-content\/uploads\/2014\/06\/image_039.jpg","width":180,"height":133},{"@type":"WebPage","@id":"https:\/\/www.esdras-assurances.fr\/assurance\/?page_id=119#webpage","url":"https:\/\/www.esdras-assurances.fr\/assurance\/?page_id=119","name":"T\u00e9moignages - Esdras Assurances","isPartOf":{"@id":"https:\/\/www.esdras-assurances.fr\/assurance\/#website"},"primaryImageOfPage":{"@id":"https:\/\/www.esdras-assurances.fr\/assurance\/?page_id=119#primaryimage"},"datePublished":"2014-06-23T13:54:02+00:00","dateModified":"2014-07-07T14:36:23+00:00","breadcrumb":{"@id":"https:\/\/www.esdras-assurances.fr\/assurance\/?page_id=119#breadcrumb"},"inLanguage":"fr-FR","potentialAction":[{"@type":"ReadAction","target":["https:\/\/www.esdras-assurances.fr\/assurance\/?page_id=119"]}]},{"@type":"BreadcrumbList","@id":"https:\/\/www.esdras-assurances.fr\/assurance\/?page_id=119#breadcrumb","itemListElement":[{"@type":"ListItem","position":1,"name":"Accueil","item":"https:\/\/www.esdras-assurances.fr\/assurance\/"},{"@type":"ListItem","position":2,"name":"T\u00e9moignages"}]}]}},"_links":{"self":[{"href":"https:\/\/www.esdras-assurances.fr\/assurance\/index.php?rest_route=\/wp\/v2\/pages\/119"}],"collection":[{"href":"https:\/\/www.esdras-assurances.fr\/assurance\/index.php?rest_route=\/wp\/v2\/pages"}],"about":[{"href":"https:\/\/www.esdras-assurances.fr\/assurance\/index.php?rest_route=\/wp\/v2\/types\/page"}],"author":[{"embeddable":true,"href":"https:\/\/www.esdras-assurances.fr\/assurance\/index.php?rest_route=\/wp\/v2\/users\/1"}],"replies":[{"embeddable":true,"href":"https:\/\/www.esdras-assurances.fr\/assurance\/index.php?rest_route=%2Fwp%2Fv2%2Fcomments&post=119"}],"version-history":[{"count":5,"href":"https:\/\/www.esdras-assurances.fr\/assurance\/index.php?rest_route=\/wp\/v2\/pages\/119\/revisions"}],"predecessor-version":[{"id":230,"href":"https:\/\/www.esdras-assurances.fr\/assurance\/index.php?rest_route=\/wp\/v2\/pages\/119\/revisions\/230"}],"wp:attachment":[{"href":"https:\/\/www.esdras-assurances.fr\/assurance\/index.php?rest_route=%2Fwp%2Fv2%2Fmedia&parent=119"}],"curies":[{"name":"wp","href":"https:\/\/api.w.org\/{rel}","templated":true}]}}