{"id":141,"date":"2014-06-26T13:19:23","date_gmt":"2014-06-26T12:19:23","guid":{"rendered":"http:\/\/www.esdras-assurances.fr\/assurance\/?page_id=141"},"modified":"2014-07-07T15:40:33","modified_gmt":"2014-07-07T14:40:33","slug":"le-saviez-vous","status":"publish","type":"page","link":"https:\/\/www.esdras-assurances.fr\/assurance\/?page_id=141","title":{"rendered":"Le saviez-vous ?"},"content":{"rendered":"<p><!--ACTUA8||||||||--><\/p>\n<p><span style=\"font-size: large;\">Quelques conseils pour mieux vous rep\u00e9rer dans le domaine des assurances<\/span><\/p>\n<p><span style=\"color: #ff6600; font-size: large;\">Le r\u00f4le du cabinet de courtage<\/span><\/p>\n<p>Le courtier est en m\u00eame temps votre assureur-conseil et\u00a0ses clients\u00a0n&rsquo;ont affaire qu&rsquo;\u00e0 lui. Il travaille pour sa client\u00e8le en leur apportant une r\u00e9ponse personnalis\u00e9e . Son r\u00f4le est de mettre en concurrence les compagnies afin de proposer le meilleur tarif et la meilleure garantie possible \u00e0 ses clients. Ceux-ci appartiennent \u00e0 son portefeuille et non pas aux compagnies.<\/p>\n<p>Du point de vue du client, cela leur assure un meilleur service rendu puisqu&rsquo;ils sont consid\u00e9r\u00e9s comme des personnes que l&rsquo;on doit satisfaire. Le courtier joue le r\u00f4le d&rsquo;interface privil\u00e9gi\u00e9e de conseil et de d\u00e9cision envers ses assur\u00e9s. Il est \u00e9galement pr\u00e9sent lorsque le client a un sinistre en\u00a0g\u00e9rant celui-ci.<\/p>\n<hr \/>\n<p>&nbsp;<\/p>\n<div id=\"z4-content\">\n<div><span style=\"color: #ff6600; font-size: large;\">Quels papiers conserver et pendant combien de temps?<\/span><\/div>\n<p><em><span style=\"font-size: xx-small;\">source: La Documentation fran\u00e7aise, 06 F\u00e9vrier 2008 &#8211; R\u00e9f. : F1413<\/span><\/em><\/p>\n<div>\n<p class=\"p_justify\">Vous devez conserver pendant 2 ans:<\/p>\n<ul>\n<li>\n<p class=\"p_justify\">les quittances de cotisation et, \u00e0 d\u00e9faut, l&rsquo;avis d&rsquo;\u00e9ch\u00e9ance \u00e9manant de votre assureur ainsi que la preuve du r\u00e8glement,<\/p>\n<\/li>\n<li>\n<p class=\"p_justify\">le double de votre lettre demandant la r\u00e9siliation du contrat et l&rsquo;accus\u00e9 de r\u00e9ception,<\/p>\n<\/li>\n<li>\n<p class=\"p_justify\">la correspondance avec votre assureur concernant le r\u00e8glement d&rsquo;un sinistre.<\/p>\n<\/li>\n<\/ul>\n<p class=\"p_justify\">Assurances de responsabilit\u00e9<\/p>\n<p class=\"p_justify\">Ne jetez jamais les contrats d&rsquo;assurance couvrant votre responsabilit\u00e9, notamment:<\/p>\n<ul>\n<li>\n<p class=\"p_justify\">automobile,<\/p>\n<\/li>\n<li>\n<p class=\"p_justify\">professionnelle.<\/p>\n<\/li>\n<\/ul>\n<p class=\"p_justify\">Si vous avez \u00e9t\u00e9 victime d&rsquo;un accident conservez pr\u00e9cieusement jusqu&rsquo;\u00e0 ce que vous ayez \u00e9t\u00e9 totalement indemnis\u00e9 :<\/p>\n<ul>\n<li>\n<p class=\"p_justify\">les factures,<\/p>\n<\/li>\n<li>\n<p class=\"p_justify\">les expertises,<\/p>\n<\/li>\n<li>\n<p class=\"p_justify\">les certificats m\u00e9dicaux.<\/p>\n<\/li>\n<\/ul>\n<p class=\"p_justify\">Si vous avez \u00e9t\u00e9 gravement bless\u00e9, conservez toute votre vie le dossier, car des s\u00e9quelles peuvent appara\u00eetre plusieurs ann\u00e9es apr\u00e8s.<\/p>\n<p class=\"p_justify\">Assurances des biens<\/p>\n<p class=\"p_justify\">Conservez tant que les meubles ou immeubles sont assur\u00e9s<\/p>\n<ul>\n<li>\n<p class=\"p_justify\">les contrats d&rsquo;assurance,<\/p>\n<\/li>\n<li>\n<p class=\"p_justify\">les doubles de la correspondance avec votre assureur,<\/p>\n<\/li>\n<li>\n<p class=\"p_justify\">les factures d&rsquo;achat de meubles et objets de valeur,<\/p>\n<\/li>\n<li>\n<p class=\"p_justify\">les factures de r\u00e9paration de tous vos biens, y compris votre voiture,<\/p>\n<\/li>\n<li>\n<p class=\"p_justify\">les factures d&rsquo;achat de mat\u00e9riel que vous transportez.<\/p>\n<\/li>\n<\/ul>\n<p class=\"p_justify\">Assurance sur la vie et assurance d\u00e9c\u00e8s<\/p>\n<p class=\"p_justify\">Conservez pendant au moins 4 ans les avis d&rsquo;\u00e9ch\u00e9ance et preuves de paiement des contrats b\u00e9n\u00e9ficiant de la r\u00e9duction fiscale.<\/p>\n<p class=\"p_justify\">En cas de r\u00e8glement \u00e0 votre profit du capital d&rsquo;une assurance-d\u00e9c\u00e8s, conservez votre dossier pendant 4 ans.<\/p>\n<p class=\"p_justify\">Ainsi, vous pouvez prouver que la somme re\u00e7ue n&rsquo;\u00e9tait pas soumise \u00e0 l&rsquo;imp\u00f4t sur les successions.<\/p>\n<p class=\"p_justify\"><span style=\"color: #3366ff;\">Esdras vous proposera\u00a0d&rsquo;autres informations\u00a0au fur et \u00e0 mesure.<\/span><\/p>\n<p>&nbsp;<\/p>\n<\/div>\n<\/div>\n","protected":false},"excerpt":{"rendered":"<p>Quelques conseils pour mieux vous rep\u00e9rer dans le domaine des assurances Le r\u00f4le du cabinet de courtage Le courtier est en m\u00eame temps votre assureur-conseil et\u00a0ses clients\u00a0n&rsquo;ont affaire qu&rsquo;\u00e0 lui. Il travaille pour sa client\u00e8le en leur apportant une r\u00e9ponse personnalis\u00e9e . Son r\u00f4le est de mettre en concurrence les compagnies afin de proposer le [&hellip;]<\/p>\n","protected":false},"author":1,"featured_media":0,"parent":0,"menu_order":0,"comment_status":"closed","ping_status":"closed","template":"","meta":[],"yoast_head":"<!-- This site is optimized with the Yoast SEO plugin v18.7 - https:\/\/yoast.com\/wordpress\/plugins\/seo\/ -->\n<title>Le saviez-vous ? - Esdras Assurances<\/title>\n<meta name=\"robots\" content=\"index, follow, max-snippet:-1, max-image-preview:large, max-video-preview:-1\" \/>\n<link rel=\"canonical\" href=\"https:\/\/www.esdras-assurances.fr\/assurance\/?page_id=141\" \/>\n<meta property=\"og:locale\" content=\"fr_FR\" \/>\n<meta property=\"og:type\" content=\"article\" \/>\n<meta property=\"og:title\" content=\"Le saviez-vous ? - Esdras Assurances\" \/>\n<meta property=\"og:description\" content=\"Quelques conseils pour mieux vous rep\u00e9rer dans le domaine des assurances Le r\u00f4le du cabinet de courtage Le courtier est en m\u00eame temps votre assureur-conseil et\u00a0ses clients\u00a0n&rsquo;ont affaire qu&rsquo;\u00e0 lui. Il travaille pour sa client\u00e8le en leur apportant une r\u00e9ponse personnalis\u00e9e . Son r\u00f4le est de mettre en concurrence les compagnies afin de proposer le [&hellip;]\" \/>\n<meta property=\"og:url\" content=\"https:\/\/www.esdras-assurances.fr\/assurance\/?page_id=141\" \/>\n<meta property=\"og:site_name\" content=\"Esdras Assurances\" \/>\n<meta property=\"article:modified_time\" content=\"2014-07-07T14:40:33+00:00\" \/>\n<meta name=\"twitter:label1\" content=\"Dur\u00e9e de lecture estim\u00e9e\" \/>\n\t<meta name=\"twitter:data1\" content=\"2 minutes\" \/>\n<script type=\"application\/ld+json\" class=\"yoast-schema-graph\">{\"@context\":\"https:\/\/schema.org\",\"@graph\":[{\"@type\":\"WebSite\",\"@id\":\"https:\/\/www.esdras-assurances.fr\/assurance\/#website\",\"url\":\"https:\/\/www.esdras-assurances.fr\/assurance\/\",\"name\":\"Esdras Assurances\",\"description\":\"Nous faisons aux autres ce que nous voudrions qu&#039;ils nous fassent !\",\"potentialAction\":[{\"@type\":\"SearchAction\",\"target\":{\"@type\":\"EntryPoint\",\"urlTemplate\":\"https:\/\/www.esdras-assurances.fr\/assurance\/?s={search_term_string}\"},\"query-input\":\"required name=search_term_string\"}],\"inLanguage\":\"fr-FR\"},{\"@type\":\"WebPage\",\"@id\":\"https:\/\/www.esdras-assurances.fr\/assurance\/?page_id=141#webpage\",\"url\":\"https:\/\/www.esdras-assurances.fr\/assurance\/?page_id=141\",\"name\":\"Le saviez-vous ? - Esdras Assurances\",\"isPartOf\":{\"@id\":\"https:\/\/www.esdras-assurances.fr\/assurance\/#website\"},\"datePublished\":\"2014-06-26T12:19:23+00:00\",\"dateModified\":\"2014-07-07T14:40:33+00:00\",\"breadcrumb\":{\"@id\":\"https:\/\/www.esdras-assurances.fr\/assurance\/?page_id=141#breadcrumb\"},\"inLanguage\":\"fr-FR\",\"potentialAction\":[{\"@type\":\"ReadAction\",\"target\":[\"https:\/\/www.esdras-assurances.fr\/assurance\/?page_id=141\"]}]},{\"@type\":\"BreadcrumbList\",\"@id\":\"https:\/\/www.esdras-assurances.fr\/assurance\/?page_id=141#breadcrumb\",\"itemListElement\":[{\"@type\":\"ListItem\",\"position\":1,\"name\":\"Accueil\",\"item\":\"https:\/\/www.esdras-assurances.fr\/assurance\/\"},{\"@type\":\"ListItem\",\"position\":2,\"name\":\"Le saviez-vous ?\"}]}]}<\/script>\n<!-- \/ Yoast SEO plugin. -->","yoast_head_json":{"title":"Le saviez-vous ? - Esdras Assurances","robots":{"index":"index","follow":"follow","max-snippet":"max-snippet:-1","max-image-preview":"max-image-preview:large","max-video-preview":"max-video-preview:-1"},"canonical":"https:\/\/www.esdras-assurances.fr\/assurance\/?page_id=141","og_locale":"fr_FR","og_type":"article","og_title":"Le saviez-vous ? - Esdras Assurances","og_description":"Quelques conseils pour mieux vous rep\u00e9rer dans le domaine des assurances Le r\u00f4le du cabinet de courtage Le courtier est en m\u00eame temps votre assureur-conseil et\u00a0ses clients\u00a0n&rsquo;ont affaire qu&rsquo;\u00e0 lui. Il travaille pour sa client\u00e8le en leur apportant une r\u00e9ponse personnalis\u00e9e . Son r\u00f4le est de mettre en concurrence les compagnies afin de proposer le [&hellip;]","og_url":"https:\/\/www.esdras-assurances.fr\/assurance\/?page_id=141","og_site_name":"Esdras Assurances","article_modified_time":"2014-07-07T14:40:33+00:00","twitter_misc":{"Dur\u00e9e de lecture estim\u00e9e":"2 minutes"},"schema":{"@context":"https:\/\/schema.org","@graph":[{"@type":"WebSite","@id":"https:\/\/www.esdras-assurances.fr\/assurance\/#website","url":"https:\/\/www.esdras-assurances.fr\/assurance\/","name":"Esdras Assurances","description":"Nous faisons aux autres ce que nous voudrions qu&#039;ils nous fassent !","potentialAction":[{"@type":"SearchAction","target":{"@type":"EntryPoint","urlTemplate":"https:\/\/www.esdras-assurances.fr\/assurance\/?s={search_term_string}"},"query-input":"required name=search_term_string"}],"inLanguage":"fr-FR"},{"@type":"WebPage","@id":"https:\/\/www.esdras-assurances.fr\/assurance\/?page_id=141#webpage","url":"https:\/\/www.esdras-assurances.fr\/assurance\/?page_id=141","name":"Le saviez-vous ? - Esdras Assurances","isPartOf":{"@id":"https:\/\/www.esdras-assurances.fr\/assurance\/#website"},"datePublished":"2014-06-26T12:19:23+00:00","dateModified":"2014-07-07T14:40:33+00:00","breadcrumb":{"@id":"https:\/\/www.esdras-assurances.fr\/assurance\/?page_id=141#breadcrumb"},"inLanguage":"fr-FR","potentialAction":[{"@type":"ReadAction","target":["https:\/\/www.esdras-assurances.fr\/assurance\/?page_id=141"]}]},{"@type":"BreadcrumbList","@id":"https:\/\/www.esdras-assurances.fr\/assurance\/?page_id=141#breadcrumb","itemListElement":[{"@type":"ListItem","position":1,"name":"Accueil","item":"https:\/\/www.esdras-assurances.fr\/assurance\/"},{"@type":"ListItem","position":2,"name":"Le saviez-vous ?"}]}]}},"_links":{"self":[{"href":"https:\/\/www.esdras-assurances.fr\/assurance\/index.php?rest_route=\/wp\/v2\/pages\/141"}],"collection":[{"href":"https:\/\/www.esdras-assurances.fr\/assurance\/index.php?rest_route=\/wp\/v2\/pages"}],"about":[{"href":"https:\/\/www.esdras-assurances.fr\/assurance\/index.php?rest_route=\/wp\/v2\/types\/page"}],"author":[{"embeddable":true,"href":"https:\/\/www.esdras-assurances.fr\/assurance\/index.php?rest_route=\/wp\/v2\/users\/1"}],"replies":[{"embeddable":true,"href":"https:\/\/www.esdras-assurances.fr\/assurance\/index.php?rest_route=%2Fwp%2Fv2%2Fcomments&post=141"}],"version-history":[{"count":5,"href":"https:\/\/www.esdras-assurances.fr\/assurance\/index.php?rest_route=\/wp\/v2\/pages\/141\/revisions"}],"predecessor-version":[{"id":233,"href":"https:\/\/www.esdras-assurances.fr\/assurance\/index.php?rest_route=\/wp\/v2\/pages\/141\/revisions\/233"}],"wp:attachment":[{"href":"https:\/\/www.esdras-assurances.fr\/assurance\/index.php?rest_route=%2Fwp%2Fv2%2Fmedia&parent=141"}],"curies":[{"name":"wp","href":"https:\/\/api.w.org\/{rel}","templated":true}]}}