{"id":145,"date":"2014-06-26T13:41:45","date_gmt":"2014-06-26T12:41:45","guid":{"rendered":"http:\/\/www.esdras-assurances.fr\/assurance\/?page_id=145"},"modified":"2014-10-15T15:32:17","modified_gmt":"2014-10-15T14:32:17","slug":"telechargements","status":"publish","type":"page","link":"https:\/\/www.esdras-assurances.fr\/assurance\/?page_id=145","title":{"rendered":"T\u00e9l\u00e9chargements"},"content":{"rendered":"<table border=\"0\" width=\"100%\" cellspacing=\"0\" cellpadding=\"0\" align=\"center\">\n<tbody>\n<tr>\n<td><!--ACTUA31|||||||||||||||||||||||||||||||-->Vous trouverez dans les liens ci-dessous des lettres type de r\u00e9siliation pour vos diverses assurances, logiciels utiles dans la communication avec le cabinet, ainsi que des informations et lettres de nouvelles relatives au cabinet.<strong><br \/>\n(Pour enregistrer les fichiers, faites clique-droit, enregistrer-sous&#8230;)<\/strong><\/td>\n<\/tr>\n<tr>\n<td valign=\"top\" width=\"1\"><\/td>\n<\/tr>\n<tr>\n<td><a title=\"Lettre de r\u00e9siliation\" href=\"http:\/\/www.esdras-assurances.fr\/assurance\/plaquette\/4_lettre_de_resiliation.pdf\" target=\"_blank\"><img loading=\"lazy\" class=\"wp-image-148 aligncenter\" src=\"http:\/\/www.esdras-assurances.fr\/assurance\/wp-content\/uploads\/2014\/06\/Telechargement-150x150.jpg\" alt=\"Telechargement\" width=\"91\" height=\"91\" srcset=\"https:\/\/www.esdras-assurances.fr\/assurance\/wp-content\/uploads\/2014\/06\/Telechargement-150x150.jpg 150w, https:\/\/www.esdras-assurances.fr\/assurance\/wp-content\/uploads\/2014\/06\/Telechargement-300x300.jpg 300w, https:\/\/www.esdras-assurances.fr\/assurance\/wp-content\/uploads\/2014\/06\/Telechargement.jpg 360w\" sizes=\"(max-width: 91px) 100vw, 91px\" \/><\/a><\/td>\n<\/tr>\n<tr>\n<td style=\"text-align: center;\"><span style=\"font-size: xx-small;\">0,01 Mo<\/span><\/td>\n<\/tr>\n<tr>\n<td style=\"text-align: center;\" colspan=\"1\"><a title=\"Lettre de r\u00e9siliation\" href=\"http:\/\/www.esdras-assurances.fr\/assurance\/plaquette\/4_lettre_de_resiliation.pdf\" target=\"_blank\">lettre de r\u00e9siliation type<\/a><\/td>\n<\/tr>\n<tr>\n<td valign=\"top\" width=\"1\">&nbsp;<\/p>\n<p>&nbsp;<\/td>\n<\/tr>\n<tr>\n<td style=\"text-align: center;\"><a title=\"Acrobat Reader\" href=\"http:\/\/get.adobe.com\/fr\/reader\/\" target=\"_blank\"><img loading=\"lazy\" class=\"wp-image-148\" src=\"http:\/\/www.esdras-assurances.fr\/assurance\/wp-content\/uploads\/2014\/06\/Telechargement-150x150.jpg\" alt=\"Telechargement\" width=\"91\" height=\"91\" srcset=\"https:\/\/www.esdras-assurances.fr\/assurance\/wp-content\/uploads\/2014\/06\/Telechargement-150x150.jpg 150w, https:\/\/www.esdras-assurances.fr\/assurance\/wp-content\/uploads\/2014\/06\/Telechargement-300x300.jpg 300w, https:\/\/www.esdras-assurances.fr\/assurance\/wp-content\/uploads\/2014\/06\/Telechargement.jpg 360w\" sizes=\"(max-width: 91px) 100vw, 91px\" \/><\/a><\/td>\n<\/tr>\n<tr>\n<td style=\"text-align: center;\"><span style=\"font-size: xx-small;\">\u00a0<\/span><\/td>\n<\/tr>\n<tr>\n<td style=\"text-align: center;\" colspan=\"1\"><a title=\"Acrobat Reader\" href=\"http:\/\/get.adobe.com\/fr\/reader\/\" target=\"_blank\">Le logiciel Acrobat Reader pour pouvoir lire les fichiers que nous vous envoyons<\/a><\/td>\n<\/tr>\n<\/tbody>\n<\/table>\n","protected":false},"excerpt":{"rendered":"<p>Vous trouverez dans les liens ci-dessous des lettres type de r\u00e9siliation pour vos diverses assurances, logiciels utiles dans la communication avec le cabinet, ainsi que des informations et lettres de nouvelles relatives au cabinet. (Pour enregistrer les fichiers, faites clique-droit, enregistrer-sous&#8230;) 0,01 Mo lettre de r\u00e9siliation type &nbsp; &nbsp; \u00a0 Le logiciel Acrobat Reader pour [&hellip;]<\/p>\n","protected":false},"author":1,"featured_media":0,"parent":0,"menu_order":0,"comment_status":"closed","ping_status":"closed","template":"","meta":[],"yoast_head":"<!-- This site is optimized with the Yoast SEO plugin v18.7 - https:\/\/yoast.com\/wordpress\/plugins\/seo\/ -->\n<title>T\u00e9l\u00e9chargements - Esdras Assurances<\/title>\n<meta name=\"robots\" content=\"index, follow, max-snippet:-1, max-image-preview:large, max-video-preview:-1\" \/>\n<link rel=\"canonical\" href=\"https:\/\/www.esdras-assurances.fr\/assurance\/?page_id=145\" \/>\n<meta property=\"og:locale\" content=\"fr_FR\" \/>\n<meta property=\"og:type\" content=\"article\" \/>\n<meta property=\"og:title\" content=\"T\u00e9l\u00e9chargements - Esdras Assurances\" \/>\n<meta property=\"og:description\" content=\"Vous trouverez dans les liens ci-dessous des lettres type de r\u00e9siliation pour vos diverses assurances, logiciels utiles dans la communication avec le cabinet, ainsi que des informations et lettres de nouvelles relatives au cabinet. (Pour enregistrer les fichiers, faites clique-droit, enregistrer-sous&#8230;) 0,01 Mo lettre de r\u00e9siliation type &nbsp; &nbsp; \u00a0 Le logiciel Acrobat Reader pour [&hellip;]\" \/>\n<meta property=\"og:url\" content=\"https:\/\/www.esdras-assurances.fr\/assurance\/?page_id=145\" \/>\n<meta property=\"og:site_name\" content=\"Esdras Assurances\" \/>\n<meta property=\"article:modified_time\" content=\"2014-10-15T14:32:17+00:00\" \/>\n<meta property=\"og:image\" content=\"http:\/\/www.esdras-assurances.fr\/assurance\/wp-content\/uploads\/2014\/06\/Telechargement-150x150.jpg\" \/>\n<script type=\"application\/ld+json\" class=\"yoast-schema-graph\">{\"@context\":\"https:\/\/schema.org\",\"@graph\":[{\"@type\":\"WebSite\",\"@id\":\"https:\/\/www.esdras-assurances.fr\/assurance\/#website\",\"url\":\"https:\/\/www.esdras-assurances.fr\/assurance\/\",\"name\":\"Esdras Assurances\",\"description\":\"Nous faisons aux autres ce que nous voudrions qu&#039;ils nous fassent !\",\"potentialAction\":[{\"@type\":\"SearchAction\",\"target\":{\"@type\":\"EntryPoint\",\"urlTemplate\":\"https:\/\/www.esdras-assurances.fr\/assurance\/?s={search_term_string}\"},\"query-input\":\"required name=search_term_string\"}],\"inLanguage\":\"fr-FR\"},{\"@type\":\"ImageObject\",\"inLanguage\":\"fr-FR\",\"@id\":\"https:\/\/www.esdras-assurances.fr\/assurance\/?page_id=145#primaryimage\",\"url\":\"https:\/\/www.esdras-assurances.fr\/assurance\/wp-content\/uploads\/2014\/06\/Telechargement.jpg\",\"contentUrl\":\"https:\/\/www.esdras-assurances.fr\/assurance\/wp-content\/uploads\/2014\/06\/Telechargement.jpg\",\"width\":360,\"height\":360},{\"@type\":\"WebPage\",\"@id\":\"https:\/\/www.esdras-assurances.fr\/assurance\/?page_id=145#webpage\",\"url\":\"https:\/\/www.esdras-assurances.fr\/assurance\/?page_id=145\",\"name\":\"T\u00e9l\u00e9chargements - Esdras Assurances\",\"isPartOf\":{\"@id\":\"https:\/\/www.esdras-assurances.fr\/assurance\/#website\"},\"primaryImageOfPage\":{\"@id\":\"https:\/\/www.esdras-assurances.fr\/assurance\/?page_id=145#primaryimage\"},\"datePublished\":\"2014-06-26T12:41:45+00:00\",\"dateModified\":\"2014-10-15T14:32:17+00:00\",\"breadcrumb\":{\"@id\":\"https:\/\/www.esdras-assurances.fr\/assurance\/?page_id=145#breadcrumb\"},\"inLanguage\":\"fr-FR\",\"potentialAction\":[{\"@type\":\"ReadAction\",\"target\":[\"https:\/\/www.esdras-assurances.fr\/assurance\/?page_id=145\"]}]},{\"@type\":\"BreadcrumbList\",\"@id\":\"https:\/\/www.esdras-assurances.fr\/assurance\/?page_id=145#breadcrumb\",\"itemListElement\":[{\"@type\":\"ListItem\",\"position\":1,\"name\":\"Accueil\",\"item\":\"https:\/\/www.esdras-assurances.fr\/assurance\/\"},{\"@type\":\"ListItem\",\"position\":2,\"name\":\"T\u00e9l\u00e9chargements\"}]}]}<\/script>\n<!-- \/ Yoast SEO plugin. -->","yoast_head_json":{"title":"T\u00e9l\u00e9chargements - Esdras Assurances","robots":{"index":"index","follow":"follow","max-snippet":"max-snippet:-1","max-image-preview":"max-image-preview:large","max-video-preview":"max-video-preview:-1"},"canonical":"https:\/\/www.esdras-assurances.fr\/assurance\/?page_id=145","og_locale":"fr_FR","og_type":"article","og_title":"T\u00e9l\u00e9chargements - Esdras Assurances","og_description":"Vous trouverez dans les liens ci-dessous des lettres type de r\u00e9siliation pour vos diverses assurances, logiciels utiles dans la communication avec le cabinet, ainsi que des informations et lettres de nouvelles relatives au cabinet. (Pour enregistrer les fichiers, faites clique-droit, enregistrer-sous&#8230;) 0,01 Mo lettre de r\u00e9siliation type &nbsp; &nbsp; \u00a0 Le logiciel Acrobat Reader pour [&hellip;]","og_url":"https:\/\/www.esdras-assurances.fr\/assurance\/?page_id=145","og_site_name":"Esdras Assurances","article_modified_time":"2014-10-15T14:32:17+00:00","og_image":[{"url":"http:\/\/www.esdras-assurances.fr\/assurance\/wp-content\/uploads\/2014\/06\/Telechargement-150x150.jpg"}],"schema":{"@context":"https:\/\/schema.org","@graph":[{"@type":"WebSite","@id":"https:\/\/www.esdras-assurances.fr\/assurance\/#website","url":"https:\/\/www.esdras-assurances.fr\/assurance\/","name":"Esdras Assurances","description":"Nous faisons aux autres ce que nous voudrions qu&#039;ils nous fassent !","potentialAction":[{"@type":"SearchAction","target":{"@type":"EntryPoint","urlTemplate":"https:\/\/www.esdras-assurances.fr\/assurance\/?s={search_term_string}"},"query-input":"required name=search_term_string"}],"inLanguage":"fr-FR"},{"@type":"ImageObject","inLanguage":"fr-FR","@id":"https:\/\/www.esdras-assurances.fr\/assurance\/?page_id=145#primaryimage","url":"https:\/\/www.esdras-assurances.fr\/assurance\/wp-content\/uploads\/2014\/06\/Telechargement.jpg","contentUrl":"https:\/\/www.esdras-assurances.fr\/assurance\/wp-content\/uploads\/2014\/06\/Telechargement.jpg","width":360,"height":360},{"@type":"WebPage","@id":"https:\/\/www.esdras-assurances.fr\/assurance\/?page_id=145#webpage","url":"https:\/\/www.esdras-assurances.fr\/assurance\/?page_id=145","name":"T\u00e9l\u00e9chargements - Esdras Assurances","isPartOf":{"@id":"https:\/\/www.esdras-assurances.fr\/assurance\/#website"},"primaryImageOfPage":{"@id":"https:\/\/www.esdras-assurances.fr\/assurance\/?page_id=145#primaryimage"},"datePublished":"2014-06-26T12:41:45+00:00","dateModified":"2014-10-15T14:32:17+00:00","breadcrumb":{"@id":"https:\/\/www.esdras-assurances.fr\/assurance\/?page_id=145#breadcrumb"},"inLanguage":"fr-FR","potentialAction":[{"@type":"ReadAction","target":["https:\/\/www.esdras-assurances.fr\/assurance\/?page_id=145"]}]},{"@type":"BreadcrumbList","@id":"https:\/\/www.esdras-assurances.fr\/assurance\/?page_id=145#breadcrumb","itemListElement":[{"@type":"ListItem","position":1,"name":"Accueil","item":"https:\/\/www.esdras-assurances.fr\/assurance\/"},{"@type":"ListItem","position":2,"name":"T\u00e9l\u00e9chargements"}]}]}},"_links":{"self":[{"href":"https:\/\/www.esdras-assurances.fr\/assurance\/index.php?rest_route=\/wp\/v2\/pages\/145"}],"collection":[{"href":"https:\/\/www.esdras-assurances.fr\/assurance\/index.php?rest_route=\/wp\/v2\/pages"}],"about":[{"href":"https:\/\/www.esdras-assurances.fr\/assurance\/index.php?rest_route=\/wp\/v2\/types\/page"}],"author":[{"embeddable":true,"href":"https:\/\/www.esdras-assurances.fr\/assurance\/index.php?rest_route=\/wp\/v2\/users\/1"}],"replies":[{"embeddable":true,"href":"https:\/\/www.esdras-assurances.fr\/assurance\/index.php?rest_route=%2Fwp%2Fv2%2Fcomments&post=145"}],"version-history":[{"count":11,"href":"https:\/\/www.esdras-assurances.fr\/assurance\/index.php?rest_route=\/wp\/v2\/pages\/145\/revisions"}],"predecessor-version":[{"id":283,"href":"https:\/\/www.esdras-assurances.fr\/assurance\/index.php?rest_route=\/wp\/v2\/pages\/145\/revisions\/283"}],"wp:attachment":[{"href":"https:\/\/www.esdras-assurances.fr\/assurance\/index.php?rest_route=%2Fwp%2Fv2%2Fmedia&parent=145"}],"curies":[{"name":"wp","href":"https:\/\/api.w.org\/{rel}","templated":true}]}}