{"id":2,"date":"2014-06-17T12:28:03","date_gmt":"2014-06-17T11:28:03","guid":{"rendered":"http:\/\/www.esdras-assurances.fr\/assurance\/?page_id=2"},"modified":"2022-05-06T07:29:44","modified_gmt":"2022-05-06T06:29:44","slug":"accueil","status":"publish","type":"page","link":"https:\/\/www.esdras-assurances.fr\/assurance\/","title":{"rendered":"Accueil"},"content":{"rendered":"<p style=\"color: #000000;\">Nous sommes heureux de vous accueillir sur notre site !<\/p>\n<p style=\"color: #000000;\"><strong><span style=\"color: #ff6600;\">Nos engagements :<\/span><\/strong><\/p>\n<p style=\"color: #000000;\">&#8211; vous conseiller\u00a0<strong>dans la v\u00e9rit\u00e9 <\/strong>&#8211; le bon conseil\u00a0<strong>au bon moment <\/strong>&#8211; rechercher le\u00a0<strong>meilleur tarif<\/strong>\u00a0pour votre profil &#8211; vous fournir un service de qualit\u00e9\u00a0<strong>au quotidien<\/strong><\/p>\n<p><span style=\"color: #000000;\">Le cabinet Esdras Assurances vous assure vous, vos proches et vos biens.\u00a0<\/span><br style=\"color: #000000;\" \/><br style=\"color: #000000;\" \/><\/p>\n<hr style=\"color: #000000;\" width=\"50%\" \/>\n<p><span style=\"color: #0000ff;\"><strong>Esdras assure vos Autos et vos Motos :\u00a0<\/strong><\/span><span style=\"color: #000000;\">quel que soit\u00a0votre profil, nous avons une solution adapt\u00e9e pour vous jusqu&rsquo;\u00e0 neuf sinistres automobiles.<\/span><\/p>\n<hr style=\"color: #000000;\" width=\"50%\" \/>\n<p><span style=\"color: #0000ff;\"><strong>Habitation<\/strong><\/span><span style=\"color: #000000;\">\u00a0: Assurez votre domicile selon vos besoins (\u00e9galement\u00a0 pour vos r\u00e9sidences secondaires, propri\u00e9taires non occupant).<\/span><\/p>\n<hr style=\"color: #000000;\" width=\"50%\" \/>\n<p><span style=\"color: #0000ff;\"><strong>Pr\u00e9voyance, Epargne et Assurance Vie:<\/strong>\u00a0<span style=\"color: #000000;\">Pr\u00e9parez votre avenir et celui de vos proches.<\/span><\/span><\/p>\n<hr style=\"color: #000000;\" width=\"50%\" \/>\n<p><strong style=\"color: #000000;\"><span style=\"color: #0000ff;\">Assurance de pr\u00eat<\/span><\/strong><span style=\"color: #000000;\"> : nous sommes \u00e0 vos c\u00f4t\u00e9s pour assurer vos projets.<\/span><\/p>\n<hr style=\"color: #000000;\" width=\"50%\" \/>\n<p><span style=\"color: #0000ff;\"><strong>Esdras Sant\u00e9<\/strong><\/span><span style=\"color: #000000;\">\u00a0: vos d\u00e9penses de sant\u00e9 ont enfin trouv\u00e9 une solution et un conseil.<\/span><\/p>\n<hr style=\"color: #000000;\" width=\"50%\" \/>\n<p><span style=\"color: #0000ff;\"><strong>Chiens, chats,&#8230;\u00a0<\/strong><\/span><span style=\"color: #000000;\">: Vos compagnons peuvent aussi b\u00e9n\u00e9ficier de la meilleure couverture.<\/span><\/p>\n<hr style=\"color: #000000;\" width=\"50%\" \/>\n<p><span style=\"color: #0000ff;\"><strong>Ev\u00e9nements ponctuels\u00a0<\/strong><\/span><span style=\"color: #000000;\">: nous sommes votre partenaire dans la couverture de vos projets (manifestation, concert, \u00e9galement \u00e9v\u00e8nements religieux,&#8230;).<\/span><\/p>\n","protected":false},"excerpt":{"rendered":"<p>Nous sommes heureux de vous accueillir sur notre site ! Nos engagements : &#8211; vous conseiller\u00a0dans la v\u00e9rit\u00e9 &#8211; le bon conseil\u00a0au bon moment &#8211; rechercher le\u00a0meilleur tarif\u00a0pour votre profil &#8211; vous fournir un service de qualit\u00e9\u00a0au quotidien Le cabinet Esdras Assurances vous assure vous, vos proches et vos biens.\u00a0 Esdras assure vos Autos et [&hellip;]<\/p>\n","protected":false},"author":1,"featured_media":260,"parent":0,"menu_order":0,"comment_status":"closed","ping_status":"closed","template":"","meta":[],"yoast_head":"<!-- This site is optimized with the Yoast SEO plugin v18.7 - https:\/\/yoast.com\/wordpress\/plugins\/seo\/ -->\n<title>Accueil - Esdras Assurances<\/title>\n<meta name=\"robots\" content=\"index, follow, max-snippet:-1, max-image-preview:large, max-video-preview:-1\" \/>\n<link rel=\"canonical\" href=\"https:\/\/www.esdras-assurances.fr\/assurance\/\" \/>\n<meta property=\"og:locale\" content=\"fr_FR\" \/>\n<meta property=\"og:type\" content=\"article\" \/>\n<meta property=\"og:title\" content=\"Accueil - Esdras Assurances\" \/>\n<meta property=\"og:description\" content=\"Nous sommes heureux de vous accueillir sur notre site ! Nos engagements : &#8211; vous conseiller\u00a0dans la v\u00e9rit\u00e9 &#8211; le bon conseil\u00a0au bon moment &#8211; rechercher le\u00a0meilleur tarif\u00a0pour votre profil &#8211; vous fournir un service de qualit\u00e9\u00a0au quotidien Le cabinet Esdras Assurances vous assure vous, vos proches et vos biens.\u00a0 Esdras assure vos Autos et [&hellip;]\" \/>\n<meta property=\"og:url\" content=\"https:\/\/www.esdras-assurances.fr\/assurance\/\" \/>\n<meta property=\"og:site_name\" content=\"Esdras Assurances\" \/>\n<meta property=\"article:modified_time\" content=\"2022-05-06T06:29:44+00:00\" \/>\n<meta property=\"og:image\" content=\"http:\/\/www.esdras-assurances.fr\/assurance\/wp-content\/uploads\/2014\/06\/rover_75.35924.jpg\" \/>\n\t<meta property=\"og:image:width\" content=\"1024\" \/>\n\t<meta property=\"og:image:height\" content=\"768\" \/>\n\t<meta property=\"og:image:type\" content=\"image\/jpeg\" \/>\n<meta name=\"twitter:label1\" content=\"Dur\u00e9e de lecture estim\u00e9e\" \/>\n\t<meta name=\"twitter:data1\" content=\"1 minute\" \/>\n<script type=\"application\/ld+json\" class=\"yoast-schema-graph\">{\"@context\":\"https:\/\/schema.org\",\"@graph\":[{\"@type\":\"WebSite\",\"@id\":\"https:\/\/www.esdras-assurances.fr\/assurance\/#website\",\"url\":\"https:\/\/www.esdras-assurances.fr\/assurance\/\",\"name\":\"Esdras Assurances\",\"description\":\"Nous faisons aux autres ce que nous voudrions qu&#039;ils nous fassent !\",\"potentialAction\":[{\"@type\":\"SearchAction\",\"target\":{\"@type\":\"EntryPoint\",\"urlTemplate\":\"https:\/\/www.esdras-assurances.fr\/assurance\/?s={search_term_string}\"},\"query-input\":\"required name=search_term_string\"}],\"inLanguage\":\"fr-FR\"},{\"@type\":\"ImageObject\",\"inLanguage\":\"fr-FR\",\"@id\":\"https:\/\/www.esdras-assurances.fr\/assurance\/#primaryimage\",\"url\":\"https:\/\/www.esdras-assurances.fr\/assurance\/wp-content\/uploads\/2014\/06\/rover_75.35924.jpg\",\"contentUrl\":\"https:\/\/www.esdras-assurances.fr\/assurance\/wp-content\/uploads\/2014\/06\/rover_75.35924.jpg\",\"width\":1024,\"height\":768},{\"@type\":\"WebPage\",\"@id\":\"https:\/\/www.esdras-assurances.fr\/assurance\/#webpage\",\"url\":\"https:\/\/www.esdras-assurances.fr\/assurance\/\",\"name\":\"Accueil - Esdras Assurances\",\"isPartOf\":{\"@id\":\"https:\/\/www.esdras-assurances.fr\/assurance\/#website\"},\"primaryImageOfPage\":{\"@id\":\"https:\/\/www.esdras-assurances.fr\/assurance\/#primaryimage\"},\"datePublished\":\"2014-06-17T11:28:03+00:00\",\"dateModified\":\"2022-05-06T06:29:44+00:00\",\"breadcrumb\":{\"@id\":\"https:\/\/www.esdras-assurances.fr\/assurance\/#breadcrumb\"},\"inLanguage\":\"fr-FR\",\"potentialAction\":[{\"@type\":\"ReadAction\",\"target\":[\"https:\/\/www.esdras-assurances.fr\/assurance\/\"]}]},{\"@type\":\"BreadcrumbList\",\"@id\":\"https:\/\/www.esdras-assurances.fr\/assurance\/#breadcrumb\",\"itemListElement\":[{\"@type\":\"ListItem\",\"position\":1,\"name\":\"Accueil\",\"item\":\"https:\/\/www.esdras-assurances.fr\/assurance\/\"},{\"@type\":\"ListItem\",\"position\":2,\"name\":\"Accueil\"}]}]}<\/script>\n<!-- \/ Yoast SEO plugin. -->","yoast_head_json":{"title":"Accueil - Esdras Assurances","robots":{"index":"index","follow":"follow","max-snippet":"max-snippet:-1","max-image-preview":"max-image-preview:large","max-video-preview":"max-video-preview:-1"},"canonical":"https:\/\/www.esdras-assurances.fr\/assurance\/","og_locale":"fr_FR","og_type":"article","og_title":"Accueil - Esdras Assurances","og_description":"Nous sommes heureux de vous accueillir sur notre site ! Nos engagements : &#8211; vous conseiller\u00a0dans la v\u00e9rit\u00e9 &#8211; le bon conseil\u00a0au bon moment &#8211; rechercher le\u00a0meilleur tarif\u00a0pour votre profil &#8211; vous fournir un service de qualit\u00e9\u00a0au quotidien Le cabinet Esdras Assurances vous assure vous, vos proches et vos biens.\u00a0 Esdras assure vos Autos et [&hellip;]","og_url":"https:\/\/www.esdras-assurances.fr\/assurance\/","og_site_name":"Esdras Assurances","article_modified_time":"2022-05-06T06:29:44+00:00","og_image":[{"width":1024,"height":768,"url":"http:\/\/www.esdras-assurances.fr\/assurance\/wp-content\/uploads\/2014\/06\/rover_75.35924.jpg","type":"image\/jpeg"}],"twitter_misc":{"Dur\u00e9e de lecture estim\u00e9e":"1 minute"},"schema":{"@context":"https:\/\/schema.org","@graph":[{"@type":"WebSite","@id":"https:\/\/www.esdras-assurances.fr\/assurance\/#website","url":"https:\/\/www.esdras-assurances.fr\/assurance\/","name":"Esdras Assurances","description":"Nous faisons aux autres ce que nous voudrions qu&#039;ils nous fassent !","potentialAction":[{"@type":"SearchAction","target":{"@type":"EntryPoint","urlTemplate":"https:\/\/www.esdras-assurances.fr\/assurance\/?s={search_term_string}"},"query-input":"required name=search_term_string"}],"inLanguage":"fr-FR"},{"@type":"ImageObject","inLanguage":"fr-FR","@id":"https:\/\/www.esdras-assurances.fr\/assurance\/#primaryimage","url":"https:\/\/www.esdras-assurances.fr\/assurance\/wp-content\/uploads\/2014\/06\/rover_75.35924.jpg","contentUrl":"https:\/\/www.esdras-assurances.fr\/assurance\/wp-content\/uploads\/2014\/06\/rover_75.35924.jpg","width":1024,"height":768},{"@type":"WebPage","@id":"https:\/\/www.esdras-assurances.fr\/assurance\/#webpage","url":"https:\/\/www.esdras-assurances.fr\/assurance\/","name":"Accueil - Esdras Assurances","isPartOf":{"@id":"https:\/\/www.esdras-assurances.fr\/assurance\/#website"},"primaryImageOfPage":{"@id":"https:\/\/www.esdras-assurances.fr\/assurance\/#primaryimage"},"datePublished":"2014-06-17T11:28:03+00:00","dateModified":"2022-05-06T06:29:44+00:00","breadcrumb":{"@id":"https:\/\/www.esdras-assurances.fr\/assurance\/#breadcrumb"},"inLanguage":"fr-FR","potentialAction":[{"@type":"ReadAction","target":["https:\/\/www.esdras-assurances.fr\/assurance\/"]}]},{"@type":"BreadcrumbList","@id":"https:\/\/www.esdras-assurances.fr\/assurance\/#breadcrumb","itemListElement":[{"@type":"ListItem","position":1,"name":"Accueil","item":"https:\/\/www.esdras-assurances.fr\/assurance\/"},{"@type":"ListItem","position":2,"name":"Accueil"}]}]}},"_links":{"self":[{"href":"https:\/\/www.esdras-assurances.fr\/assurance\/index.php?rest_route=\/wp\/v2\/pages\/2"}],"collection":[{"href":"https:\/\/www.esdras-assurances.fr\/assurance\/index.php?rest_route=\/wp\/v2\/pages"}],"about":[{"href":"https:\/\/www.esdras-assurances.fr\/assurance\/index.php?rest_route=\/wp\/v2\/types\/page"}],"author":[{"embeddable":true,"href":"https:\/\/www.esdras-assurances.fr\/assurance\/index.php?rest_route=\/wp\/v2\/users\/1"}],"replies":[{"embeddable":true,"href":"https:\/\/www.esdras-assurances.fr\/assurance\/index.php?rest_route=%2Fwp%2Fv2%2Fcomments&post=2"}],"version-history":[{"count":5,"href":"https:\/\/www.esdras-assurances.fr\/assurance\/index.php?rest_route=\/wp\/v2\/pages\/2\/revisions"}],"predecessor-version":[{"id":376,"href":"https:\/\/www.esdras-assurances.fr\/assurance\/index.php?rest_route=\/wp\/v2\/pages\/2\/revisions\/376"}],"wp:featuredmedia":[{"embeddable":true,"href":"https:\/\/www.esdras-assurances.fr\/assurance\/index.php?rest_route=\/wp\/v2\/media\/260"}],"wp:attachment":[{"href":"https:\/\/www.esdras-assurances.fr\/assurance\/index.php?rest_route=%2Fwp%2Fv2%2Fmedia&parent=2"}],"curies":[{"name":"wp","href":"https:\/\/api.w.org\/{rel}","templated":true}]}}