{"id":27,"date":"2014-06-22T14:52:41","date_gmt":"2014-06-22T13:52:41","guid":{"rendered":"http:\/\/www.esdras-assurances.fr\/assurance\/?page_id=27"},"modified":"2022-05-06T07:33:12","modified_gmt":"2022-05-06T06:33:12","slug":"assurance-auto-moto","status":"publish","type":"page","link":"https:\/\/www.esdras-assurances.fr\/assurance\/?page_id=27","title":{"rendered":"Automobiles et 2 roues"},"content":{"rendered":"<p style=\"color: #000000;\"><span style=\"color: #3366ff; font-size: x-large;\">Comparez par vous-m\u00eame avec quelques exemples :<\/span><\/p>\n<table border=\"1\" width=\"100%\" cellspacing=\"5\" cellpadding=\"2\" bgcolor=\"#ffffff\">\n<tbody>\n<tr>\n<td><span style=\"color: #333333;\"> Nom du Client<\/span><\/td>\n<td><span style=\"color: #333333;\"> Ville<\/span><\/td>\n<td><span style=\"color: #333333;\"> Contrat Auto AVANT<\/span><\/td>\n<td><span style=\"color: #333333;\"> Franchise AVANT<\/span><\/td>\n<td><span style=\"color: #333333;\"> Garanties Souscrites Chez Esdras Assurances<\/span><\/td>\n<td><span style=\"color: #333333;\"> Esdras propose<\/span><\/td>\n<td><span style=\"color: #333333;\"> FRANCHISE<\/span><\/td>\n<td><span style=\"color: #ff6600;\"> Economie R\u00e9alis\u00e9e<\/span><\/td>\n<\/tr>\n<tr>\n<td style=\"color: #000000;\">Mme Nicky S.<\/td>\n<td style=\"color: #000000;\">Aix en Pce(13)<\/td>\n<td style=\"color: #000000;\">492.50 \u20ac Seat Cordoba<\/td>\n<td style=\"color: #000000;\">202,00 \u20ac)<\/td>\n<td style=\"color: #000000;\">RC\/DR\/ Vol incendie bris de glace<\/td>\n<td style=\"color: #000000;\">369,82 \u20ac<\/td>\n<td style=\"color: #000000;\">190 \u20ac d\u00e9gressive<\/td>\n<td style=\"color: #000000;\"><strong><span style=\"color: #ff6600;\">122,68 \u20ac<\/span><\/strong><\/td>\n<\/tr>\n<tr>\n<td style=\"color: #000000;\">Mr Denis B<\/td>\n<td style=\"color: #000000;\">St Pierre de Chandieu (69)<\/td>\n<td style=\"color: #000000;\">996.84 \u20ac<br \/>LAGUNA<\/td>\n<td style=\"color: #000000;\">533 \u20ac<\/td>\n<td style=\"color: #000000;\">Vol incendie<br \/>bris de glace<\/td>\n<td style=\"color: #000000;\">340 \u20ac<\/td>\n<td style=\"color: #000000;\">Proportionnelle de 77 \u00e0 458 \u20ac<\/td>\n<td style=\"color: #000000;\"><strong><span style=\"color: #ff6600;\">656.84 \u20ac<\/span><\/strong><\/td>\n<\/tr>\n<tr>\n<td style=\"color: #000000;\">Mr Didier A.<\/td>\n<td style=\"color: #000000;\">Toulon (83)<\/td>\n<td style=\"color: #000000;\">834\u20ac<br \/>SANTANA<\/td>\n<td style=\"color: #000000;\">609 \u20ac<\/td>\n<td style=\"color: #000000;\">RC\/DR\/GC + Assistance<\/td>\n<td style=\"color: #000000;\">700 \u20ac<\/td>\n<td style=\"color: #000000;\">Assistance <strong><span style=\"color: #ff6600;\"><span style=\"text-decoration: underline;\">sans franchise<\/span><\/span><\/strong><\/td>\n<td style=\"color: #000000;\"><strong><span style=\"color: #ff6600;\">134 \u20ac<\/span><\/strong><\/td>\n<\/tr>\n<\/tbody>\n<\/table>\n<p style=\"color: #000000;\">Si vous aussi vous souhaitez r\u00e9aliser des \u00e9conomies substantielles sur votre assurance automobile, fa\u00eetes nous confiance venez \u00e9tudier nos tarifs:<\/p>\n<ul style=\"color: #000000;\">\n<li>Nous recherchons toujours le meilleur tarif quel que soit votre profil (jeune conducteur, maluss\u00e9, r\u00e9sili\u00e9, couple, bonus, assurance temporaire,etc&#8230;).<\/li>\n<li>Nous s\u00e9lectionnons pour vous les meilleurs avantages aupr\u00e8s de nos partenaires.<\/li>\n<\/ul>\n<p style=\"color: #000000;\">Le cabinet vous offre le conseil au quotidien et un suivi s\u00e9rieux et personnalis\u00e9 pour vos garanties.<\/p>\n<p style=\"color: #000000;\"><span style=\"color: #ff6600; font-size: medium;\"><span style=\"text-decoration: underline;\"><strong>INEDIT<\/strong><\/span><\/span><span style=\"font-size: small;\"> : <\/span><span style=\"color: #ff6600; font-size: medium;\">Nous sommes disponibles pour vous aider sur le lieu de votre accident. M\u00eame en dehors des heures d&rsquo;ouverture, en cas de sinistre, vos messages \u00e0 caract\u00e8re urgent seront trait\u00e9s \u00e0 partir du r\u00e9pondeur (y compris le samedi et le dimanche).<\/span><\/p>\n<p>Si vous souhaitez un devis :<\/p>\n<ul>\n<li style=\"list-style-type: none;\">\n<ul>\n<li>\n<h3>DEVIS AUTO<\/h3>\n<\/li>\n<\/ul>\n<\/li>\n<\/ul>\n<ul>\n<li style=\"list-style-type: none;\">\n<ul>\n<li>\n<h3>DEVIS MOTO (125cm<sup>3<\/sup> et plus)<\/h3>\n<\/li>\n<\/ul>\n<\/li>\n<\/ul>\n<ul>\n<li style=\"list-style-type: none;\">\n<ul>\n<li>\n<h3>DEVIS CYCLO (de 49,9 \u00e0 80 cm<sup>3<\/sup>)<\/h3>\n<\/li>\n<\/ul>\n<\/li>\n<\/ul>\n<p>merci de nous adresser un email \u00e0 esdras.assurances@orange.fr<\/p>\n<p><span class=\"st\">Nous vous contacterons rapidement.<\/span><\/p>\n<p><strong>Esdras Assurances<\/strong><\/p>\n<p>\u00a0<\/p>\n<ul>\n<li style=\"list-style-type: none;\">\u00a0<\/li>\n<\/ul>\n<ul>\n<li style=\"list-style-type: none;\">\u00a0<\/li>\n<\/ul>\n\n\n<p><\/p>\n","protected":false},"excerpt":{"rendered":"<p>Comparez par vous-m\u00eame avec quelques exemples : Nom du Client Ville Contrat Auto AVANT Franchise AVANT Garanties Souscrites Chez Esdras Assurances Esdras propose FRANCHISE Economie R\u00e9alis\u00e9e Mme Nicky S. Aix en Pce(13) 492.50 \u20ac Seat Cordoba 202,00 \u20ac) RC\/DR\/ Vol incendie bris de glace 369,82 \u20ac 190 \u20ac d\u00e9gressive 122,68 \u20ac Mr Denis B St [&hellip;]<\/p>\n","protected":false},"author":1,"featured_media":264,"parent":0,"menu_order":0,"comment_status":"closed","ping_status":"closed","template":"","meta":[],"yoast_head":"<!-- This site is optimized with the Yoast SEO plugin v18.7 - https:\/\/yoast.com\/wordpress\/plugins\/seo\/ -->\n<title>Automobiles et 2 roues - Esdras Assurances<\/title>\n<meta name=\"robots\" content=\"index, follow, max-snippet:-1, max-image-preview:large, max-video-preview:-1\" \/>\n<link rel=\"canonical\" href=\"https:\/\/www.esdras-assurances.fr\/assurance\/?page_id=27\" \/>\n<meta property=\"og:locale\" content=\"fr_FR\" \/>\n<meta property=\"og:type\" content=\"article\" \/>\n<meta property=\"og:title\" content=\"Automobiles et 2 roues - Esdras Assurances\" \/>\n<meta property=\"og:description\" content=\"Comparez par vous-m\u00eame avec quelques exemples : Nom du Client Ville Contrat Auto AVANT Franchise AVANT Garanties Souscrites Chez Esdras Assurances Esdras propose FRANCHISE Economie R\u00e9alis\u00e9e Mme Nicky S. Aix en Pce(13) 492.50 \u20ac Seat Cordoba 202,00 \u20ac) RC\/DR\/ Vol incendie bris de glace 369,82 \u20ac 190 \u20ac d\u00e9gressive 122,68 \u20ac Mr Denis B St [&hellip;]\" \/>\n<meta property=\"og:url\" content=\"https:\/\/www.esdras-assurances.fr\/assurance\/?page_id=27\" \/>\n<meta property=\"og:site_name\" content=\"Esdras Assurances\" \/>\n<meta property=\"article:modified_time\" content=\"2022-05-06T06:33:12+00:00\" \/>\n<meta property=\"og:image\" content=\"http:\/\/www.esdras-assurances.fr\/assurance\/wp-content\/uploads\/2014\/06\/voiture.jpg\" \/>\n\t<meta property=\"og:image:width\" content=\"640\" \/>\n\t<meta property=\"og:image:height\" content=\"358\" \/>\n\t<meta property=\"og:image:type\" content=\"image\/jpeg\" \/>\n<meta name=\"twitter:label1\" content=\"Dur\u00e9e de lecture estim\u00e9e\" \/>\n\t<meta name=\"twitter:data1\" content=\"2 minutes\" \/>\n<script type=\"application\/ld+json\" class=\"yoast-schema-graph\">{\"@context\":\"https:\/\/schema.org\",\"@graph\":[{\"@type\":\"WebSite\",\"@id\":\"https:\/\/www.esdras-assurances.fr\/assurance\/#website\",\"url\":\"https:\/\/www.esdras-assurances.fr\/assurance\/\",\"name\":\"Esdras Assurances\",\"description\":\"Nous faisons aux autres ce que nous voudrions qu&#039;ils nous fassent !\",\"potentialAction\":[{\"@type\":\"SearchAction\",\"target\":{\"@type\":\"EntryPoint\",\"urlTemplate\":\"https:\/\/www.esdras-assurances.fr\/assurance\/?s={search_term_string}\"},\"query-input\":\"required name=search_term_string\"}],\"inLanguage\":\"fr-FR\"},{\"@type\":\"ImageObject\",\"inLanguage\":\"fr-FR\",\"@id\":\"https:\/\/www.esdras-assurances.fr\/assurance\/?page_id=27#primaryimage\",\"url\":\"https:\/\/www.esdras-assurances.fr\/assurance\/wp-content\/uploads\/2014\/06\/voiture.jpg\",\"contentUrl\":\"https:\/\/www.esdras-assurances.fr\/assurance\/wp-content\/uploads\/2014\/06\/voiture.jpg\",\"width\":640,\"height\":358},{\"@type\":\"WebPage\",\"@id\":\"https:\/\/www.esdras-assurances.fr\/assurance\/?page_id=27#webpage\",\"url\":\"https:\/\/www.esdras-assurances.fr\/assurance\/?page_id=27\",\"name\":\"Automobiles et 2 roues - Esdras Assurances\",\"isPartOf\":{\"@id\":\"https:\/\/www.esdras-assurances.fr\/assurance\/#website\"},\"primaryImageOfPage\":{\"@id\":\"https:\/\/www.esdras-assurances.fr\/assurance\/?page_id=27#primaryimage\"},\"datePublished\":\"2014-06-22T13:52:41+00:00\",\"dateModified\":\"2022-05-06T06:33:12+00:00\",\"breadcrumb\":{\"@id\":\"https:\/\/www.esdras-assurances.fr\/assurance\/?page_id=27#breadcrumb\"},\"inLanguage\":\"fr-FR\",\"potentialAction\":[{\"@type\":\"ReadAction\",\"target\":[\"https:\/\/www.esdras-assurances.fr\/assurance\/?page_id=27\"]}]},{\"@type\":\"BreadcrumbList\",\"@id\":\"https:\/\/www.esdras-assurances.fr\/assurance\/?page_id=27#breadcrumb\",\"itemListElement\":[{\"@type\":\"ListItem\",\"position\":1,\"name\":\"Accueil\",\"item\":\"https:\/\/www.esdras-assurances.fr\/assurance\/\"},{\"@type\":\"ListItem\",\"position\":2,\"name\":\"Automobiles et 2 roues\"}]}]}<\/script>\n<!-- \/ Yoast SEO plugin. -->","yoast_head_json":{"title":"Automobiles et 2 roues - Esdras Assurances","robots":{"index":"index","follow":"follow","max-snippet":"max-snippet:-1","max-image-preview":"max-image-preview:large","max-video-preview":"max-video-preview:-1"},"canonical":"https:\/\/www.esdras-assurances.fr\/assurance\/?page_id=27","og_locale":"fr_FR","og_type":"article","og_title":"Automobiles et 2 roues - Esdras Assurances","og_description":"Comparez par vous-m\u00eame avec quelques exemples : Nom du Client Ville Contrat Auto AVANT Franchise AVANT Garanties Souscrites Chez Esdras Assurances Esdras propose FRANCHISE Economie R\u00e9alis\u00e9e Mme Nicky S. Aix en Pce(13) 492.50 \u20ac Seat Cordoba 202,00 \u20ac) RC\/DR\/ Vol incendie bris de glace 369,82 \u20ac 190 \u20ac d\u00e9gressive 122,68 \u20ac Mr Denis B St [&hellip;]","og_url":"https:\/\/www.esdras-assurances.fr\/assurance\/?page_id=27","og_site_name":"Esdras Assurances","article_modified_time":"2022-05-06T06:33:12+00:00","og_image":[{"width":640,"height":358,"url":"http:\/\/www.esdras-assurances.fr\/assurance\/wp-content\/uploads\/2014\/06\/voiture.jpg","type":"image\/jpeg"}],"twitter_misc":{"Dur\u00e9e de lecture estim\u00e9e":"2 minutes"},"schema":{"@context":"https:\/\/schema.org","@graph":[{"@type":"WebSite","@id":"https:\/\/www.esdras-assurances.fr\/assurance\/#website","url":"https:\/\/www.esdras-assurances.fr\/assurance\/","name":"Esdras Assurances","description":"Nous faisons aux autres ce que nous voudrions qu&#039;ils nous fassent !","potentialAction":[{"@type":"SearchAction","target":{"@type":"EntryPoint","urlTemplate":"https:\/\/www.esdras-assurances.fr\/assurance\/?s={search_term_string}"},"query-input":"required name=search_term_string"}],"inLanguage":"fr-FR"},{"@type":"ImageObject","inLanguage":"fr-FR","@id":"https:\/\/www.esdras-assurances.fr\/assurance\/?page_id=27#primaryimage","url":"https:\/\/www.esdras-assurances.fr\/assurance\/wp-content\/uploads\/2014\/06\/voiture.jpg","contentUrl":"https:\/\/www.esdras-assurances.fr\/assurance\/wp-content\/uploads\/2014\/06\/voiture.jpg","width":640,"height":358},{"@type":"WebPage","@id":"https:\/\/www.esdras-assurances.fr\/assurance\/?page_id=27#webpage","url":"https:\/\/www.esdras-assurances.fr\/assurance\/?page_id=27","name":"Automobiles et 2 roues - Esdras Assurances","isPartOf":{"@id":"https:\/\/www.esdras-assurances.fr\/assurance\/#website"},"primaryImageOfPage":{"@id":"https:\/\/www.esdras-assurances.fr\/assurance\/?page_id=27#primaryimage"},"datePublished":"2014-06-22T13:52:41+00:00","dateModified":"2022-05-06T06:33:12+00:00","breadcrumb":{"@id":"https:\/\/www.esdras-assurances.fr\/assurance\/?page_id=27#breadcrumb"},"inLanguage":"fr-FR","potentialAction":[{"@type":"ReadAction","target":["https:\/\/www.esdras-assurances.fr\/assurance\/?page_id=27"]}]},{"@type":"BreadcrumbList","@id":"https:\/\/www.esdras-assurances.fr\/assurance\/?page_id=27#breadcrumb","itemListElement":[{"@type":"ListItem","position":1,"name":"Accueil","item":"https:\/\/www.esdras-assurances.fr\/assurance\/"},{"@type":"ListItem","position":2,"name":"Automobiles et 2 roues"}]}]}},"_links":{"self":[{"href":"https:\/\/www.esdras-assurances.fr\/assurance\/index.php?rest_route=\/wp\/v2\/pages\/27"}],"collection":[{"href":"https:\/\/www.esdras-assurances.fr\/assurance\/index.php?rest_route=\/wp\/v2\/pages"}],"about":[{"href":"https:\/\/www.esdras-assurances.fr\/assurance\/index.php?rest_route=\/wp\/v2\/types\/page"}],"author":[{"embeddable":true,"href":"https:\/\/www.esdras-assurances.fr\/assurance\/index.php?rest_route=\/wp\/v2\/users\/1"}],"replies":[{"embeddable":true,"href":"https:\/\/www.esdras-assurances.fr\/assurance\/index.php?rest_route=%2Fwp%2Fv2%2Fcomments&post=27"}],"version-history":[{"count":27,"href":"https:\/\/www.esdras-assurances.fr\/assurance\/index.php?rest_route=\/wp\/v2\/pages\/27\/revisions"}],"predecessor-version":[{"id":378,"href":"https:\/\/www.esdras-assurances.fr\/assurance\/index.php?rest_route=\/wp\/v2\/pages\/27\/revisions\/378"}],"wp:featuredmedia":[{"embeddable":true,"href":"https:\/\/www.esdras-assurances.fr\/assurance\/index.php?rest_route=\/wp\/v2\/media\/264"}],"wp:attachment":[{"href":"https:\/\/www.esdras-assurances.fr\/assurance\/index.php?rest_route=%2Fwp%2Fv2%2Fmedia&parent=27"}],"curies":[{"name":"wp","href":"https:\/\/api.w.org\/{rel}","templated":true}]}}