{"id":324,"date":"2022-03-18T18:26:45","date_gmt":"2022-03-18T17:26:45","guid":{"rendered":"http:\/\/www.esdras-assurances.fr\/assurance\/?page_id=324"},"modified":"2022-03-18T18:34:53","modified_gmt":"2022-03-18T17:34:53","slug":"mentions-legales","status":"publish","type":"page","link":"https:\/\/www.esdras-assurances.fr\/assurance\/?page_id=324","title":{"rendered":"Mentions l\u00e9gales"},"content":{"rendered":"<p><strong>Mentions l\u00e9gales du site internet \u00ab esdras-assurances.fr \u00bb\u00a0<\/strong><\/p>\n<p>&nbsp;<\/p>\n<p><strong>Publication<\/strong><\/p>\n<p>Propri\u00e9taire du site internet :<\/p>\n<p>Cabinet Esdras Assurances<\/p>\n<p><a href=\"mailto:esdras.assurances@orange.fr\">esdras.assurances@orange.fr<\/a><\/p>\n<p>Directeur de publication :<\/p>\n<p>Francky Febvay<\/p>\n<p>Assureur conseil<\/p>\n<p>648 chemin st Lazare<\/p>\n<p>83136 M\u00e9ounes les Montrieux<\/p>\n<p>T\u00e9l\/Fax : 04 94 91 01 05<\/p>\n<p>Mob : \u00a0 \u00a0\u00a0 06 28 49 71 47<\/p>\n<p>&nbsp;<\/p>\n<p><strong>H\u00e9bergeur<\/strong><\/p>\n<p>OVH SAS au capital de 10 174 560 \u20ac<\/p>\n<p>RCS Lille M\u00e9tropole 424 761 419 00045<br \/>\nCode APE 2620Z<br \/>\nN\u00b0 TVA : FR 22 424 761 419<br \/>\nSi\u00e8ge social : 2 rue Kellermann &#8211; 59100 Roubaix &#8211; France<\/p>\n<p>&nbsp;<\/p>\n<p><strong>Cr\u00e9dits photo<\/strong><\/p>\n<p>Droits d\u2019auteur \u2013 Copyright<\/p>\n<p>L\u2019ensemble du site internet esdras-assurances.fr, comprenant les textes, photos, sons et vid\u00e9os sont la propri\u00e9t\u00e9 de Cabinet Esdras assurance pour lesquels l\u2019entreprise a obtenu une autorisation de diffusion.<\/p>\n<p>L\u2019ensemble de ce site rel\u00e8ve de la l\u00e9gislation fran\u00e7aise et internationale sur le droit d\u2019auteur et la propri\u00e9t\u00e9 intellectuelle. Tous les droits de reproduction sont r\u00e9serv\u00e9s, y compris les documents t\u00e9l\u00e9chargeables et les repr\u00e9sentations iconographiques et photographiques. La reproduction de tout ou partie de ce site sur un support \u00e9lectronique, quel qu\u2019il soit, est formellement interdite, sauf autorisation expresse du directeur de la publication. La mise en place d\u2019un lien hypertexte vers le site Internet esdras-assurances.fr n\u00e9cessite une autorisation pr\u00e9alable et \u00e9crite \u00e0 Cabinet Esdras assurance (<a href=\"mailto:esdras.assurances@orange.fr\">esdras.assurances@orange.fr<\/a>)<\/p>\n<p><strong>Conditions g\u00e9n\u00e9rales d\u2019utilisation du site esdras-assurances.fr<\/strong><\/p>\n<p>Le directeur de publication se r\u00e9serve le droit de modifier ou de corriger le contenu de ce site et cette mention l\u00e9gale \u00e0 tout moment et ceci sans pr\u00e9avis.<\/p>\n<p>L\u2019utilisation du site esdras-assurances.fr implique l\u2019acceptation pleine et enti\u00e8re des conditions g\u00e9n\u00e9rales d\u2019utilisation ci-apr\u00e8s d\u00e9crites.<br \/>\nCe site est normalement accessible \u00e0 tout moment aux utilisateurs. Une interruption pour raison de maintenance technique peut \u00eatre toutefois d\u00e9cid\u00e9e par le directeur de publication, qui s\u2019efforcera alors de communiquer pr\u00e9alablement aux utilisateurs les dates et heures de l\u2019intervention.<\/p>\n<p>Le directeur de publication s\u2019efforce de fournir\u00a0des informations aussi pr\u00e9cises que possible. Toutefois, elle ne pourra \u00eatre tenue responsable des omissions, des inexactitudes et des carences dans la mise \u00e0 jour du site.<\/p>\n<p>Le site esdras-assurances.fr est mis \u00e0 jour r\u00e9guli\u00e8rement. De la m\u00eame fa\u00e7on, les mentions l\u00e9gales peuvent \u00eatre modifi\u00e9es \u00e0 tout moment : elles s\u2019imposent n\u00e9anmoins \u00e0 l\u2019utilisateur qui est invit\u00e9 \u00e0 s\u2019y r\u00e9f\u00e9rer le plus souvent possible afin d\u2019en prendre connaissance.<\/p>\n<p><strong>Exon\u00e9ration de responsabilit\u00e9<\/strong><\/p>\n<p>Il appartient \u00e0 l\u2019utilisateur de ce site de prendre toutes les mesures appropri\u00e9es de fa\u00e7on \u00e0 prot\u00e9ger ses propres donn\u00e9es et\/ou logiciels de contamination par d\u2019\u00e9ventuels virus circulant sur le r\u00e9seau Internet.<\/p>\n<p>\u00ab esdras-assurances.fr \u00bb ne pourra \u00eatre tenu responsable des dommages directs ou indirects r\u00e9sultant de l\u2019usage de ce site Internet ou d\u2019autres sites qui lui sont li\u00e9s, notamment du fait de non-acc\u00e8s \u00e0 son site, de dysfonctionnements li\u00e9s au r\u00e9seau Internet, \u00e0 l\u2019h\u00e9bergeur du site ou l\u2019h\u00e9bergeur d\u2019une partie du site ou d\u2019interruption de service pour cause de maintenance ou de mise \u00e0 jour.<\/p>\n<p>Tout litige en relation avec l\u2019utilisation du site esdras-assurances.fr est soumis au droit fran\u00e7ais. Il est fait attribution exclusive de juridiction aux tribunaux comp\u00e9tents.<\/p>\n<p><strong>Liens hypertextes et cookies<\/strong><\/p>\n<p>Le site esdras-assurances.fr contient un certain nombre de liens hypertextes vers d\u2019autres sites. Cependant, le directeur de publication n\u2019a pas la possibilit\u00e9 de v\u00e9rifier le contenu des sites ainsi visit\u00e9s, et n\u2019assumera en cons\u00e9quence aucune responsabilit\u00e9 de ce fait.<br \/>\nLa navigation sur le site esdras-assurances.fr\u00a0 est susceptible de provoquer l\u2019installation de cookie(s) sur l\u2019ordinateur de l\u2019utilisateur. Un cookie est un petit fichier stock\u00e9 par un serveur dans le terminal (ordinateur, t\u00e9l\u00e9phone, etc.) d\u2019un utilisateur et associ\u00e9 \u00e0 un domaine web (c\u2019est \u00e0 dire dans la majorit\u00e9 des cas \u00e0 l\u2019ensemble des pages d\u2019un m\u00eame site web).\u00a0 Ce fichier est automatiquement renvoy\u00e9 lors de contacts ult\u00e9rieurs avec le m\u00eame domaine.<\/p>\n<p>Les donn\u00e9es ainsi obtenues visent \u00e0 faciliter la navigation ult\u00e9rieure sur le site, et ont \u00e9galement vocation \u00e0 permettre diverses mesures de fr\u00e9quentation.<br \/>\nLe refus d\u2019installation d\u2019un cookie peut entra\u00eener l\u2019impossibilit\u00e9 d\u2019acc\u00e9der \u00e0 certains services. L\u2019utilisateur \u00e0 l\u2019entr\u00e9e de la navigation sur le site est inviter \u00e0 accepter ou param\u00e9trer l\u2019installation des cookies.<\/p>\n<p>Droit d\u2019acc\u00e8s, de rectification et de suppression des informations personnelles<\/p>\n<p>Ce site Internet est r\u00e9gi par le droit fran\u00e7ais. Les informations recueillies font l\u2019objet d\u2019un traitement informatique destin\u00e9 aux responsables de service concern\u00e9s.<\/p>\n<p>Seul le responsable de publication pourra acc\u00e9der \u00e0 vos donn\u00e9es \u00e0 des fins strictement internes. Conform\u00e9ment \u00e0 la loi \u201cinformatique et libert\u00e9s\u201d du 6 janvier 1978 modifi\u00e9e en 2004, vous b\u00e9n\u00e9ficiez d\u2019un droit d\u2019acc\u00e8s, de rectification et de suppression des informations qui vous concernent, que vous pouvez exercer en vous adressant \u00e0 :<\/p>\n<p>Francky Febvay<\/p>\n<p>Assureur conseil<\/p>\n<p>648 chemin st Lazare<\/p>\n<p>83136 M\u00e9ounes les Montrieux<\/p>\n<p>T\u00e9l\/Fax : 04 94 91 01 05<\/p>\n<p>Mob : \u00a0 \u00a0\u00a0 06 28 49 71 47<\/p>\n<p>&nbsp;<\/p>\n","protected":false},"excerpt":{"rendered":"<p>Mentions l\u00e9gales du site internet \u00ab esdras-assurances.fr \u00bb\u00a0 &nbsp; Publication Propri\u00e9taire du site internet : Cabinet Esdras Assurances esdras.assurances@orange.fr Directeur de publication : Francky Febvay Assureur conseil 648 chemin st Lazare 83136 M\u00e9ounes les Montrieux T\u00e9l\/Fax : 04 94 91 01 05 Mob : \u00a0 \u00a0\u00a0 06 28 49 71 47 &nbsp; H\u00e9bergeur OVH SAS [&hellip;]<\/p>\n","protected":false},"author":1,"featured_media":0,"parent":0,"menu_order":0,"comment_status":"closed","ping_status":"closed","template":"","meta":[],"yoast_head":"<!-- This site is optimized with the Yoast SEO plugin v18.7 - https:\/\/yoast.com\/wordpress\/plugins\/seo\/ -->\n<title>Mentions l\u00e9gales - Esdras Assurances<\/title>\n<meta name=\"robots\" content=\"index, follow, max-snippet:-1, max-image-preview:large, max-video-preview:-1\" \/>\n<link rel=\"canonical\" href=\"https:\/\/www.esdras-assurances.fr\/assurance\/?page_id=324\" \/>\n<meta property=\"og:locale\" content=\"fr_FR\" \/>\n<meta property=\"og:type\" content=\"article\" \/>\n<meta property=\"og:title\" content=\"Mentions l\u00e9gales - Esdras Assurances\" \/>\n<meta property=\"og:description\" content=\"Mentions l\u00e9gales du site internet \u00ab esdras-assurances.fr \u00bb\u00a0 &nbsp; Publication Propri\u00e9taire du site internet : Cabinet Esdras Assurances esdras.assurances@orange.fr Directeur de publication : Francky Febvay Assureur conseil 648 chemin st Lazare 83136 M\u00e9ounes les Montrieux T\u00e9l\/Fax : 04 94 91 01 05 Mob : \u00a0 \u00a0\u00a0 06 28 49 71 47 &nbsp; H\u00e9bergeur OVH SAS [&hellip;]\" \/>\n<meta property=\"og:url\" content=\"https:\/\/www.esdras-assurances.fr\/assurance\/?page_id=324\" \/>\n<meta property=\"og:site_name\" content=\"Esdras Assurances\" \/>\n<meta property=\"article:modified_time\" content=\"2022-03-18T17:34:53+00:00\" \/>\n<meta name=\"twitter:label1\" content=\"Dur\u00e9e de lecture estim\u00e9e\" \/>\n\t<meta name=\"twitter:data1\" content=\"4 minutes\" \/>\n<script type=\"application\/ld+json\" class=\"yoast-schema-graph\">{\"@context\":\"https:\/\/schema.org\",\"@graph\":[{\"@type\":\"WebSite\",\"@id\":\"https:\/\/www.esdras-assurances.fr\/assurance\/#website\",\"url\":\"https:\/\/www.esdras-assurances.fr\/assurance\/\",\"name\":\"Esdras Assurances\",\"description\":\"Nous faisons aux autres ce que nous voudrions qu&#039;ils nous fassent !\",\"potentialAction\":[{\"@type\":\"SearchAction\",\"target\":{\"@type\":\"EntryPoint\",\"urlTemplate\":\"https:\/\/www.esdras-assurances.fr\/assurance\/?s={search_term_string}\"},\"query-input\":\"required name=search_term_string\"}],\"inLanguage\":\"fr-FR\"},{\"@type\":\"WebPage\",\"@id\":\"https:\/\/www.esdras-assurances.fr\/assurance\/?page_id=324#webpage\",\"url\":\"https:\/\/www.esdras-assurances.fr\/assurance\/?page_id=324\",\"name\":\"Mentions l\u00e9gales - Esdras Assurances\",\"isPartOf\":{\"@id\":\"https:\/\/www.esdras-assurances.fr\/assurance\/#website\"},\"datePublished\":\"2022-03-18T17:26:45+00:00\",\"dateModified\":\"2022-03-18T17:34:53+00:00\",\"breadcrumb\":{\"@id\":\"https:\/\/www.esdras-assurances.fr\/assurance\/?page_id=324#breadcrumb\"},\"inLanguage\":\"fr-FR\",\"potentialAction\":[{\"@type\":\"ReadAction\",\"target\":[\"https:\/\/www.esdras-assurances.fr\/assurance\/?page_id=324\"]}]},{\"@type\":\"BreadcrumbList\",\"@id\":\"https:\/\/www.esdras-assurances.fr\/assurance\/?page_id=324#breadcrumb\",\"itemListElement\":[{\"@type\":\"ListItem\",\"position\":1,\"name\":\"Accueil\",\"item\":\"https:\/\/www.esdras-assurances.fr\/assurance\/\"},{\"@type\":\"ListItem\",\"position\":2,\"name\":\"Mentions l\u00e9gales\"}]}]}<\/script>\n<!-- \/ Yoast SEO plugin. -->","yoast_head_json":{"title":"Mentions l\u00e9gales - Esdras Assurances","robots":{"index":"index","follow":"follow","max-snippet":"max-snippet:-1","max-image-preview":"max-image-preview:large","max-video-preview":"max-video-preview:-1"},"canonical":"https:\/\/www.esdras-assurances.fr\/assurance\/?page_id=324","og_locale":"fr_FR","og_type":"article","og_title":"Mentions l\u00e9gales - Esdras Assurances","og_description":"Mentions l\u00e9gales du site internet \u00ab esdras-assurances.fr \u00bb\u00a0 &nbsp; Publication Propri\u00e9taire du site internet : Cabinet Esdras Assurances esdras.assurances@orange.fr Directeur de publication : Francky Febvay Assureur conseil 648 chemin st Lazare 83136 M\u00e9ounes les Montrieux T\u00e9l\/Fax : 04 94 91 01 05 Mob : \u00a0 \u00a0\u00a0 06 28 49 71 47 &nbsp; H\u00e9bergeur OVH SAS [&hellip;]","og_url":"https:\/\/www.esdras-assurances.fr\/assurance\/?page_id=324","og_site_name":"Esdras Assurances","article_modified_time":"2022-03-18T17:34:53+00:00","twitter_misc":{"Dur\u00e9e de lecture estim\u00e9e":"4 minutes"},"schema":{"@context":"https:\/\/schema.org","@graph":[{"@type":"WebSite","@id":"https:\/\/www.esdras-assurances.fr\/assurance\/#website","url":"https:\/\/www.esdras-assurances.fr\/assurance\/","name":"Esdras Assurances","description":"Nous faisons aux autres ce que nous voudrions qu&#039;ils nous fassent !","potentialAction":[{"@type":"SearchAction","target":{"@type":"EntryPoint","urlTemplate":"https:\/\/www.esdras-assurances.fr\/assurance\/?s={search_term_string}"},"query-input":"required name=search_term_string"}],"inLanguage":"fr-FR"},{"@type":"WebPage","@id":"https:\/\/www.esdras-assurances.fr\/assurance\/?page_id=324#webpage","url":"https:\/\/www.esdras-assurances.fr\/assurance\/?page_id=324","name":"Mentions l\u00e9gales - Esdras Assurances","isPartOf":{"@id":"https:\/\/www.esdras-assurances.fr\/assurance\/#website"},"datePublished":"2022-03-18T17:26:45+00:00","dateModified":"2022-03-18T17:34:53+00:00","breadcrumb":{"@id":"https:\/\/www.esdras-assurances.fr\/assurance\/?page_id=324#breadcrumb"},"inLanguage":"fr-FR","potentialAction":[{"@type":"ReadAction","target":["https:\/\/www.esdras-assurances.fr\/assurance\/?page_id=324"]}]},{"@type":"BreadcrumbList","@id":"https:\/\/www.esdras-assurances.fr\/assurance\/?page_id=324#breadcrumb","itemListElement":[{"@type":"ListItem","position":1,"name":"Accueil","item":"https:\/\/www.esdras-assurances.fr\/assurance\/"},{"@type":"ListItem","position":2,"name":"Mentions l\u00e9gales"}]}]}},"_links":{"self":[{"href":"https:\/\/www.esdras-assurances.fr\/assurance\/index.php?rest_route=\/wp\/v2\/pages\/324"}],"collection":[{"href":"https:\/\/www.esdras-assurances.fr\/assurance\/index.php?rest_route=\/wp\/v2\/pages"}],"about":[{"href":"https:\/\/www.esdras-assurances.fr\/assurance\/index.php?rest_route=\/wp\/v2\/types\/page"}],"author":[{"embeddable":true,"href":"https:\/\/www.esdras-assurances.fr\/assurance\/index.php?rest_route=\/wp\/v2\/users\/1"}],"replies":[{"embeddable":true,"href":"https:\/\/www.esdras-assurances.fr\/assurance\/index.php?rest_route=%2Fwp%2Fv2%2Fcomments&post=324"}],"version-history":[{"count":4,"href":"https:\/\/www.esdras-assurances.fr\/assurance\/index.php?rest_route=\/wp\/v2\/pages\/324\/revisions"}],"predecessor-version":[{"id":333,"href":"https:\/\/www.esdras-assurances.fr\/assurance\/index.php?rest_route=\/wp\/v2\/pages\/324\/revisions\/333"}],"wp:attachment":[{"href":"https:\/\/www.esdras-assurances.fr\/assurance\/index.php?rest_route=%2Fwp%2Fv2%2Fmedia&parent=324"}],"curies":[{"name":"wp","href":"https:\/\/api.w.org\/{rel}","templated":true}]}}