{"id":43,"date":"2014-06-22T15:56:27","date_gmt":"2014-06-22T14:56:27","guid":{"rendered":"http:\/\/www.esdras-assurances.fr\/assurance\/?page_id=43"},"modified":"2022-05-04T13:18:06","modified_gmt":"2022-05-04T12:18:06","slug":"pret","status":"publish","type":"page","link":"https:\/\/www.esdras-assurances.fr\/assurance\/?page_id=43","title":{"rendered":"Assurance de pr\u00eat"},"content":{"rendered":"<div style=\"color: #000000;\" align=\"left\"><strong>L&rsquo;assurance de pr\u00eat :\u00a0<\/strong>Elle n&rsquo;est pas obligatoire. En principe, certains organismes pr\u00e9teurs peuvent l&rsquo;exiger afin de d\u00e9livrer un pr\u00eat, mais elle\u00a0peut \u00eatre\u00a0l&rsquo;objet d&rsquo;un contrat s\u00e9par\u00e9.\u00a0Nous pouvons vous permettre de\u00a0<span style=\"color: #0000ff;\"><strong>r\u00e9aliser des \u00e9conomies<\/strong><\/span>\u00a0sur cette assurance. Nous n\u00e9gocions pour vous les meilleurs tarifs aupr\u00e8s de nos partenaires.<\/div>\n<div align=\"left\"><\/div>\n<div align=\"left\">Nous sommes \u00e0 vos cot\u00e9s pour assurer vos projets.<\/div>\n<p>Si vous souhaitez un devis, merci de nous adresser un email \u00e0 esdras.assurances@orange.fr<\/p>\n<p><span class=\"st\">Nous vous contacterons rapidement.<\/span><\/p>\n<p><strong>Esdras Assurances<\/strong><\/p>\n","protected":false},"excerpt":{"rendered":"<p>L&rsquo;assurance de pr\u00eat :\u00a0Elle n&rsquo;est pas obligatoire. En principe, certains organismes pr\u00e9teurs peuvent l&rsquo;exiger afin de d\u00e9livrer un pr\u00eat, mais elle\u00a0peut \u00eatre\u00a0l&rsquo;objet d&rsquo;un contrat s\u00e9par\u00e9.\u00a0Nous pouvons vous permettre de\u00a0r\u00e9aliser des \u00e9conomies\u00a0sur cette assurance. Nous n\u00e9gocions pour vous les meilleurs tarifs aupr\u00e8s de nos partenaires. Nous sommes \u00e0 vos cot\u00e9s pour assurer vos projets. Si vous [&hellip;]<\/p>\n","protected":false},"author":1,"featured_media":0,"parent":0,"menu_order":0,"comment_status":"closed","ping_status":"closed","template":"","meta":[],"yoast_head":"<!-- This site is optimized with the Yoast SEO plugin v18.7 - https:\/\/yoast.com\/wordpress\/plugins\/seo\/ -->\n<title>Assurance de pr\u00eat - Esdras Assurances<\/title>\n<meta name=\"robots\" content=\"index, follow, max-snippet:-1, max-image-preview:large, max-video-preview:-1\" \/>\n<link rel=\"canonical\" href=\"https:\/\/www.esdras-assurances.fr\/assurance\/?page_id=43\" \/>\n<meta property=\"og:locale\" content=\"fr_FR\" \/>\n<meta property=\"og:type\" content=\"article\" \/>\n<meta property=\"og:title\" content=\"Assurance de pr\u00eat - Esdras Assurances\" \/>\n<meta property=\"og:description\" content=\"L&rsquo;assurance de pr\u00eat :\u00a0Elle n&rsquo;est pas obligatoire. En principe, certains organismes pr\u00e9teurs peuvent l&rsquo;exiger afin de d\u00e9livrer un pr\u00eat, mais elle\u00a0peut \u00eatre\u00a0l&rsquo;objet d&rsquo;un contrat s\u00e9par\u00e9.\u00a0Nous pouvons vous permettre de\u00a0r\u00e9aliser des \u00e9conomies\u00a0sur cette assurance. Nous n\u00e9gocions pour vous les meilleurs tarifs aupr\u00e8s de nos partenaires. Nous sommes \u00e0 vos cot\u00e9s pour assurer vos projets. Si vous [&hellip;]\" \/>\n<meta property=\"og:url\" content=\"https:\/\/www.esdras-assurances.fr\/assurance\/?page_id=43\" \/>\n<meta property=\"og:site_name\" content=\"Esdras Assurances\" \/>\n<meta property=\"article:modified_time\" content=\"2022-05-04T12:18:06+00:00\" \/>\n<meta name=\"twitter:label1\" content=\"Dur\u00e9e de lecture estim\u00e9e\" \/>\n\t<meta name=\"twitter:data1\" content=\"1 minute\" \/>\n<script type=\"application\/ld+json\" class=\"yoast-schema-graph\">{\"@context\":\"https:\/\/schema.org\",\"@graph\":[{\"@type\":\"WebSite\",\"@id\":\"https:\/\/www.esdras-assurances.fr\/assurance\/#website\",\"url\":\"https:\/\/www.esdras-assurances.fr\/assurance\/\",\"name\":\"Esdras Assurances\",\"description\":\"Nous faisons aux autres ce que nous voudrions qu&#039;ils nous fassent !\",\"potentialAction\":[{\"@type\":\"SearchAction\",\"target\":{\"@type\":\"EntryPoint\",\"urlTemplate\":\"https:\/\/www.esdras-assurances.fr\/assurance\/?s={search_term_string}\"},\"query-input\":\"required name=search_term_string\"}],\"inLanguage\":\"fr-FR\"},{\"@type\":\"WebPage\",\"@id\":\"https:\/\/www.esdras-assurances.fr\/assurance\/?page_id=43#webpage\",\"url\":\"https:\/\/www.esdras-assurances.fr\/assurance\/?page_id=43\",\"name\":\"Assurance de pr\u00eat - Esdras Assurances\",\"isPartOf\":{\"@id\":\"https:\/\/www.esdras-assurances.fr\/assurance\/#website\"},\"datePublished\":\"2014-06-22T14:56:27+00:00\",\"dateModified\":\"2022-05-04T12:18:06+00:00\",\"breadcrumb\":{\"@id\":\"https:\/\/www.esdras-assurances.fr\/assurance\/?page_id=43#breadcrumb\"},\"inLanguage\":\"fr-FR\",\"potentialAction\":[{\"@type\":\"ReadAction\",\"target\":[\"https:\/\/www.esdras-assurances.fr\/assurance\/?page_id=43\"]}]},{\"@type\":\"BreadcrumbList\",\"@id\":\"https:\/\/www.esdras-assurances.fr\/assurance\/?page_id=43#breadcrumb\",\"itemListElement\":[{\"@type\":\"ListItem\",\"position\":1,\"name\":\"Accueil\",\"item\":\"https:\/\/www.esdras-assurances.fr\/assurance\/\"},{\"@type\":\"ListItem\",\"position\":2,\"name\":\"Assurance de pr\u00eat\"}]}]}<\/script>\n<!-- \/ Yoast SEO plugin. -->","yoast_head_json":{"title":"Assurance de pr\u00eat - Esdras Assurances","robots":{"index":"index","follow":"follow","max-snippet":"max-snippet:-1","max-image-preview":"max-image-preview:large","max-video-preview":"max-video-preview:-1"},"canonical":"https:\/\/www.esdras-assurances.fr\/assurance\/?page_id=43","og_locale":"fr_FR","og_type":"article","og_title":"Assurance de pr\u00eat - Esdras Assurances","og_description":"L&rsquo;assurance de pr\u00eat :\u00a0Elle n&rsquo;est pas obligatoire. En principe, certains organismes pr\u00e9teurs peuvent l&rsquo;exiger afin de d\u00e9livrer un pr\u00eat, mais elle\u00a0peut \u00eatre\u00a0l&rsquo;objet d&rsquo;un contrat s\u00e9par\u00e9.\u00a0Nous pouvons vous permettre de\u00a0r\u00e9aliser des \u00e9conomies\u00a0sur cette assurance. Nous n\u00e9gocions pour vous les meilleurs tarifs aupr\u00e8s de nos partenaires. Nous sommes \u00e0 vos cot\u00e9s pour assurer vos projets. Si vous [&hellip;]","og_url":"https:\/\/www.esdras-assurances.fr\/assurance\/?page_id=43","og_site_name":"Esdras Assurances","article_modified_time":"2022-05-04T12:18:06+00:00","twitter_misc":{"Dur\u00e9e de lecture estim\u00e9e":"1 minute"},"schema":{"@context":"https:\/\/schema.org","@graph":[{"@type":"WebSite","@id":"https:\/\/www.esdras-assurances.fr\/assurance\/#website","url":"https:\/\/www.esdras-assurances.fr\/assurance\/","name":"Esdras Assurances","description":"Nous faisons aux autres ce que nous voudrions qu&#039;ils nous fassent !","potentialAction":[{"@type":"SearchAction","target":{"@type":"EntryPoint","urlTemplate":"https:\/\/www.esdras-assurances.fr\/assurance\/?s={search_term_string}"},"query-input":"required name=search_term_string"}],"inLanguage":"fr-FR"},{"@type":"WebPage","@id":"https:\/\/www.esdras-assurances.fr\/assurance\/?page_id=43#webpage","url":"https:\/\/www.esdras-assurances.fr\/assurance\/?page_id=43","name":"Assurance de pr\u00eat - Esdras Assurances","isPartOf":{"@id":"https:\/\/www.esdras-assurances.fr\/assurance\/#website"},"datePublished":"2014-06-22T14:56:27+00:00","dateModified":"2022-05-04T12:18:06+00:00","breadcrumb":{"@id":"https:\/\/www.esdras-assurances.fr\/assurance\/?page_id=43#breadcrumb"},"inLanguage":"fr-FR","potentialAction":[{"@type":"ReadAction","target":["https:\/\/www.esdras-assurances.fr\/assurance\/?page_id=43"]}]},{"@type":"BreadcrumbList","@id":"https:\/\/www.esdras-assurances.fr\/assurance\/?page_id=43#breadcrumb","itemListElement":[{"@type":"ListItem","position":1,"name":"Accueil","item":"https:\/\/www.esdras-assurances.fr\/assurance\/"},{"@type":"ListItem","position":2,"name":"Assurance de pr\u00eat"}]}]}},"_links":{"self":[{"href":"https:\/\/www.esdras-assurances.fr\/assurance\/index.php?rest_route=\/wp\/v2\/pages\/43"}],"collection":[{"href":"https:\/\/www.esdras-assurances.fr\/assurance\/index.php?rest_route=\/wp\/v2\/pages"}],"about":[{"href":"https:\/\/www.esdras-assurances.fr\/assurance\/index.php?rest_route=\/wp\/v2\/types\/page"}],"author":[{"embeddable":true,"href":"https:\/\/www.esdras-assurances.fr\/assurance\/index.php?rest_route=\/wp\/v2\/users\/1"}],"replies":[{"embeddable":true,"href":"https:\/\/www.esdras-assurances.fr\/assurance\/index.php?rest_route=%2Fwp%2Fv2%2Fcomments&post=43"}],"version-history":[{"count":8,"href":"https:\/\/www.esdras-assurances.fr\/assurance\/index.php?rest_route=\/wp\/v2\/pages\/43\/revisions"}],"predecessor-version":[{"id":371,"href":"https:\/\/www.esdras-assurances.fr\/assurance\/index.php?rest_route=\/wp\/v2\/pages\/43\/revisions\/371"}],"wp:attachment":[{"href":"https:\/\/www.esdras-assurances.fr\/assurance\/index.php?rest_route=%2Fwp%2Fv2%2Fmedia&parent=43"}],"curies":[{"name":"wp","href":"https:\/\/api.w.org\/{rel}","templated":true}]}}