{"id":48,"date":"2014-06-22T15:59:14","date_gmt":"2014-06-22T14:59:14","guid":{"rendered":"http:\/\/www.esdras-assurances.fr\/assurance\/?page_id=48"},"modified":"2022-05-04T12:37:03","modified_gmt":"2022-05-04T11:37:03","slug":"sante","status":"publish","type":"page","link":"https:\/\/www.esdras-assurances.fr\/assurance\/?page_id=48","title":{"rendered":"Sant\u00e9"},"content":{"rendered":"<p style=\"color: #000000;\">Pour vous, nous avons s\u00e9lectionn\u00e9 plusieurs niveaux de garantie selon vos besoins. Vous ne payez que pour le niveau de garantie dont vous avez besoin.<\/p>\n<p style=\"color: #000000;\">Avec Esdras Sant\u00e9 vous b\u00e9n\u00e9ficiez de\u00a0<strong>garanties renforc\u00e9es<\/strong>\u00a0et\u00a0<strong>imm\u00e9diate sans d\u00e9lai d&rsquo;attente<\/strong>.<\/p>\n<p style=\"color: #000000;\">Vos enfants peuvent b\u00e9n\u00e9ficier d&rsquo;une assurance individuelle accident et extra scolaire (gratuite dans notre produit Esdras Sant\u00e9).\u00a0 En cas d&rsquo;accident ou de maladie subite, vous b\u00e9n\u00e9ficiez\u00a0de\u00a0prises en charge\u00a0performantes.<\/p>\n<p><a href=\"http:\/\/www.esdras-assurances.fr\/assurance\/wp-content\/uploads\/2014\/06\/image_136.jpg\"><img loading=\"lazy\" class=\"size-full wp-image-17 aligncenter\" src=\"http:\/\/www.esdras-assurances.fr\/assurance\/wp-content\/uploads\/2014\/06\/image_136.jpg\" alt=\"image_136\" width=\"89\" height=\"67\" \/><\/a><\/p>\n<p style=\"color: #000000;\">La garantie que vous allez choisir d\u00e9pend de plusieurs crit\u00e8res :<\/p>\n<ul style=\"color: #000000;\">\n<li>Vos consommations m\u00e9dicales (faible ou forte)<\/li>\n<li>Votre situation familiale (en fonction du nombre d&rsquo;enfants)<\/li>\n<li>La fr\u00e9quence de consultation de m\u00e9decins ou sp\u00e9cialistes<\/li>\n<li>Les besoins sp\u00e9cifiques que vous avez (optique, dentaire, actes m\u00e9dicaux non conventionn\u00e9s&#8230;)<\/li>\n<li>Votre budget<\/li>\n<\/ul>\n<p style=\"color: #000000;\">Le cabinet est l\u00e0 pour vous \u00e9couter et vous conseiller pour la couverture qui r\u00e9pondra le mieux \u00e0 vos besoins. quels que soient votre situation, nous avons une solution.<\/p>\n<p>Si vous souhaitez un devis, merci de nous adresser un email \u00e0 esdras.assurances@orange.fr<\/p>\n<p><span class=\"st\">Nous vous contacterons rapidement.<\/span><\/p>\n<p><strong>Esdras Assurances<\/strong><\/p>\n","protected":false},"excerpt":{"rendered":"<p>Pour vous, nous avons s\u00e9lectionn\u00e9 plusieurs niveaux de garantie selon vos besoins. Vous ne payez que pour le niveau de garantie dont vous avez besoin. Avec Esdras Sant\u00e9 vous b\u00e9n\u00e9ficiez de\u00a0garanties renforc\u00e9es\u00a0et\u00a0imm\u00e9diate sans d\u00e9lai d&rsquo;attente. Vos enfants peuvent b\u00e9n\u00e9ficier d&rsquo;une assurance individuelle accident et extra scolaire (gratuite dans notre produit Esdras Sant\u00e9).\u00a0 En cas d&rsquo;accident [&hellip;]<\/p>\n","protected":false},"author":1,"featured_media":266,"parent":0,"menu_order":0,"comment_status":"closed","ping_status":"closed","template":"","meta":[],"yoast_head":"<!-- This site is optimized with the Yoast SEO plugin v18.7 - https:\/\/yoast.com\/wordpress\/plugins\/seo\/ -->\n<title>Sant\u00e9 - Esdras Assurances<\/title>\n<meta name=\"robots\" content=\"index, follow, max-snippet:-1, max-image-preview:large, max-video-preview:-1\" \/>\n<link rel=\"canonical\" href=\"https:\/\/www.esdras-assurances.fr\/assurance\/?page_id=48\" \/>\n<meta property=\"og:locale\" content=\"fr_FR\" \/>\n<meta property=\"og:type\" content=\"article\" \/>\n<meta property=\"og:title\" content=\"Sant\u00e9 - Esdras Assurances\" \/>\n<meta property=\"og:description\" content=\"Pour vous, nous avons s\u00e9lectionn\u00e9 plusieurs niveaux de garantie selon vos besoins. Vous ne payez que pour le niveau de garantie dont vous avez besoin. Avec Esdras Sant\u00e9 vous b\u00e9n\u00e9ficiez de\u00a0garanties renforc\u00e9es\u00a0et\u00a0imm\u00e9diate sans d\u00e9lai d&rsquo;attente. Vos enfants peuvent b\u00e9n\u00e9ficier d&rsquo;une assurance individuelle accident et extra scolaire (gratuite dans notre produit Esdras Sant\u00e9).\u00a0 En cas d&rsquo;accident [&hellip;]\" \/>\n<meta property=\"og:url\" content=\"https:\/\/www.esdras-assurances.fr\/assurance\/?page_id=48\" \/>\n<meta property=\"og:site_name\" content=\"Esdras Assurances\" \/>\n<meta property=\"article:modified_time\" content=\"2022-05-04T11:37:03+00:00\" \/>\n<meta property=\"og:image\" content=\"http:\/\/www.esdras-assurances.fr\/assurance\/wp-content\/uploads\/2014\/06\/famille.jpg\" \/>\n\t<meta property=\"og:image:width\" content=\"640\" \/>\n\t<meta property=\"og:image:height\" content=\"419\" \/>\n\t<meta property=\"og:image:type\" content=\"image\/jpeg\" \/>\n<meta name=\"twitter:label1\" content=\"Dur\u00e9e de lecture estim\u00e9e\" \/>\n\t<meta name=\"twitter:data1\" content=\"2 minutes\" \/>\n<script type=\"application\/ld+json\" class=\"yoast-schema-graph\">{\"@context\":\"https:\/\/schema.org\",\"@graph\":[{\"@type\":\"WebSite\",\"@id\":\"https:\/\/www.esdras-assurances.fr\/assurance\/#website\",\"url\":\"https:\/\/www.esdras-assurances.fr\/assurance\/\",\"name\":\"Esdras Assurances\",\"description\":\"Nous faisons aux autres ce que nous voudrions qu&#039;ils nous fassent !\",\"potentialAction\":[{\"@type\":\"SearchAction\",\"target\":{\"@type\":\"EntryPoint\",\"urlTemplate\":\"https:\/\/www.esdras-assurances.fr\/assurance\/?s={search_term_string}\"},\"query-input\":\"required name=search_term_string\"}],\"inLanguage\":\"fr-FR\"},{\"@type\":\"ImageObject\",\"inLanguage\":\"fr-FR\",\"@id\":\"https:\/\/www.esdras-assurances.fr\/assurance\/?page_id=48#primaryimage\",\"url\":\"https:\/\/www.esdras-assurances.fr\/assurance\/wp-content\/uploads\/2014\/06\/famille.jpg\",\"contentUrl\":\"https:\/\/www.esdras-assurances.fr\/assurance\/wp-content\/uploads\/2014\/06\/famille.jpg\",\"width\":640,\"height\":419},{\"@type\":\"WebPage\",\"@id\":\"https:\/\/www.esdras-assurances.fr\/assurance\/?page_id=48#webpage\",\"url\":\"https:\/\/www.esdras-assurances.fr\/assurance\/?page_id=48\",\"name\":\"Sant\u00e9 - Esdras Assurances\",\"isPartOf\":{\"@id\":\"https:\/\/www.esdras-assurances.fr\/assurance\/#website\"},\"primaryImageOfPage\":{\"@id\":\"https:\/\/www.esdras-assurances.fr\/assurance\/?page_id=48#primaryimage\"},\"datePublished\":\"2014-06-22T14:59:14+00:00\",\"dateModified\":\"2022-05-04T11:37:03+00:00\",\"breadcrumb\":{\"@id\":\"https:\/\/www.esdras-assurances.fr\/assurance\/?page_id=48#breadcrumb\"},\"inLanguage\":\"fr-FR\",\"potentialAction\":[{\"@type\":\"ReadAction\",\"target\":[\"https:\/\/www.esdras-assurances.fr\/assurance\/?page_id=48\"]}]},{\"@type\":\"BreadcrumbList\",\"@id\":\"https:\/\/www.esdras-assurances.fr\/assurance\/?page_id=48#breadcrumb\",\"itemListElement\":[{\"@type\":\"ListItem\",\"position\":1,\"name\":\"Accueil\",\"item\":\"https:\/\/www.esdras-assurances.fr\/assurance\/\"},{\"@type\":\"ListItem\",\"position\":2,\"name\":\"Sant\u00e9\"}]}]}<\/script>\n<!-- \/ Yoast SEO plugin. -->","yoast_head_json":{"title":"Sant\u00e9 - Esdras Assurances","robots":{"index":"index","follow":"follow","max-snippet":"max-snippet:-1","max-image-preview":"max-image-preview:large","max-video-preview":"max-video-preview:-1"},"canonical":"https:\/\/www.esdras-assurances.fr\/assurance\/?page_id=48","og_locale":"fr_FR","og_type":"article","og_title":"Sant\u00e9 - Esdras Assurances","og_description":"Pour vous, nous avons s\u00e9lectionn\u00e9 plusieurs niveaux de garantie selon vos besoins. Vous ne payez que pour le niveau de garantie dont vous avez besoin. Avec Esdras Sant\u00e9 vous b\u00e9n\u00e9ficiez de\u00a0garanties renforc\u00e9es\u00a0et\u00a0imm\u00e9diate sans d\u00e9lai d&rsquo;attente. Vos enfants peuvent b\u00e9n\u00e9ficier d&rsquo;une assurance individuelle accident et extra scolaire (gratuite dans notre produit Esdras Sant\u00e9).\u00a0 En cas d&rsquo;accident [&hellip;]","og_url":"https:\/\/www.esdras-assurances.fr\/assurance\/?page_id=48","og_site_name":"Esdras Assurances","article_modified_time":"2022-05-04T11:37:03+00:00","og_image":[{"width":640,"height":419,"url":"http:\/\/www.esdras-assurances.fr\/assurance\/wp-content\/uploads\/2014\/06\/famille.jpg","type":"image\/jpeg"}],"twitter_misc":{"Dur\u00e9e de lecture estim\u00e9e":"2 minutes"},"schema":{"@context":"https:\/\/schema.org","@graph":[{"@type":"WebSite","@id":"https:\/\/www.esdras-assurances.fr\/assurance\/#website","url":"https:\/\/www.esdras-assurances.fr\/assurance\/","name":"Esdras Assurances","description":"Nous faisons aux autres ce que nous voudrions qu&#039;ils nous fassent !","potentialAction":[{"@type":"SearchAction","target":{"@type":"EntryPoint","urlTemplate":"https:\/\/www.esdras-assurances.fr\/assurance\/?s={search_term_string}"},"query-input":"required name=search_term_string"}],"inLanguage":"fr-FR"},{"@type":"ImageObject","inLanguage":"fr-FR","@id":"https:\/\/www.esdras-assurances.fr\/assurance\/?page_id=48#primaryimage","url":"https:\/\/www.esdras-assurances.fr\/assurance\/wp-content\/uploads\/2014\/06\/famille.jpg","contentUrl":"https:\/\/www.esdras-assurances.fr\/assurance\/wp-content\/uploads\/2014\/06\/famille.jpg","width":640,"height":419},{"@type":"WebPage","@id":"https:\/\/www.esdras-assurances.fr\/assurance\/?page_id=48#webpage","url":"https:\/\/www.esdras-assurances.fr\/assurance\/?page_id=48","name":"Sant\u00e9 - Esdras Assurances","isPartOf":{"@id":"https:\/\/www.esdras-assurances.fr\/assurance\/#website"},"primaryImageOfPage":{"@id":"https:\/\/www.esdras-assurances.fr\/assurance\/?page_id=48#primaryimage"},"datePublished":"2014-06-22T14:59:14+00:00","dateModified":"2022-05-04T11:37:03+00:00","breadcrumb":{"@id":"https:\/\/www.esdras-assurances.fr\/assurance\/?page_id=48#breadcrumb"},"inLanguage":"fr-FR","potentialAction":[{"@type":"ReadAction","target":["https:\/\/www.esdras-assurances.fr\/assurance\/?page_id=48"]}]},{"@type":"BreadcrumbList","@id":"https:\/\/www.esdras-assurances.fr\/assurance\/?page_id=48#breadcrumb","itemListElement":[{"@type":"ListItem","position":1,"name":"Accueil","item":"https:\/\/www.esdras-assurances.fr\/assurance\/"},{"@type":"ListItem","position":2,"name":"Sant\u00e9"}]}]}},"_links":{"self":[{"href":"https:\/\/www.esdras-assurances.fr\/assurance\/index.php?rest_route=\/wp\/v2\/pages\/48"}],"collection":[{"href":"https:\/\/www.esdras-assurances.fr\/assurance\/index.php?rest_route=\/wp\/v2\/pages"}],"about":[{"href":"https:\/\/www.esdras-assurances.fr\/assurance\/index.php?rest_route=\/wp\/v2\/types\/page"}],"author":[{"embeddable":true,"href":"https:\/\/www.esdras-assurances.fr\/assurance\/index.php?rest_route=\/wp\/v2\/users\/1"}],"replies":[{"embeddable":true,"href":"https:\/\/www.esdras-assurances.fr\/assurance\/index.php?rest_route=%2Fwp%2Fv2%2Fcomments&post=48"}],"version-history":[{"count":8,"href":"https:\/\/www.esdras-assurances.fr\/assurance\/index.php?rest_route=\/wp\/v2\/pages\/48\/revisions"}],"predecessor-version":[{"id":358,"href":"https:\/\/www.esdras-assurances.fr\/assurance\/index.php?rest_route=\/wp\/v2\/pages\/48\/revisions\/358"}],"wp:featuredmedia":[{"embeddable":true,"href":"https:\/\/www.esdras-assurances.fr\/assurance\/index.php?rest_route=\/wp\/v2\/media\/266"}],"wp:attachment":[{"href":"https:\/\/www.esdras-assurances.fr\/assurance\/index.php?rest_route=%2Fwp%2Fv2%2Fmedia&parent=48"}],"curies":[{"name":"wp","href":"https:\/\/api.w.org\/{rel}","templated":true}]}}