{"id":55,"date":"2014-06-22T16:11:09","date_gmt":"2014-06-22T15:11:09","guid":{"rendered":"http:\/\/www.esdras-assurances.fr\/assurance\/?page_id=55"},"modified":"2022-05-04T12:37:50","modified_gmt":"2022-05-04T11:37:50","slug":"chiens-chats","status":"publish","type":"page","link":"https:\/\/www.esdras-assurances.fr\/assurance\/?page_id=55","title":{"rendered":"Chiens, chats&#8230;"},"content":{"rendered":"<p><span style=\"color: #3366ff; font-size: medium;\"><strong>Le cabinet Esdras Assurances\u00a0offre une protection \u00e0\u00a0votre animal de compagnie.<\/strong><\/span><br \/>\n<img loading=\"lazy\" class=\"alignright\" src=\"http:\/\/www.esdras-assurances.fr\/assurance\/wp-content\/uploads\/2014\/06\/image_123.jpg\" alt=\"image_123\" width=\"171\" height=\"128\" \/><br \/>\nNous vous proposons de prot\u00e9ger votre compagnon contre les al\u00e9as de la vie, tant en ce qui concerne les accidents ou\u00a0 la\u00a0maladie.Votre animal peut aussi b\u00e9n\u00e9ficier de garanties \u00e9lev\u00e9es.<span style=\"font-size: small;\"><strong>Les conditions pour assurer votre animal<\/strong>\u00a0:<\/span><\/p>\n<ul>\n<li>Votre chien doit avoir\u00a0<strong>entre 3 mois et 8 ans<\/strong>, et\u00a0<strong>\u00eatre tatou\u00e9<\/strong><\/li>\n<li>Votre chat doit avoir\u00a0<strong>entre 3 mois et 11 ans<\/strong>,\u00a0et\u00a0<strong>\u00eatre tatou\u00e9<\/strong><\/li>\n<\/ul>\n<p>L&rsquo;assurance pour les animaux permet une assistance 24h\/24h : votre animal peut \u00eatre gard\u00e9 si vous \u00eates hospitalis\u00e9, vous pouvez b\u00e9n\u00e9ficier de conseils relatifs \u00e0 la sant\u00e9 ou \u00e0 la vaccination\u00a0de votre animal.<br \/>\nLes garanties comprennent, soit en cas d&rsquo;accident, soit en cas de maladie, une prise en charge des\u00a0<strong><span style=\"color: #ff6600;\">frais de v\u00e9t\u00e9rinaires<\/span>,\u00a0<span style=\"color: #ff6600;\">des\u00a0m\u00e9dicaments<\/span><\/strong>\u00a0ou <strong><span style=\"color: #ff6600;\">d&rsquo;intervention chirurgicale<\/span><\/strong>.<br \/>\nNous vous proposons des contrats adapt\u00e9s \u00e0 votre animal et \u00e0 votre budget.<\/p>\n<p>Si vous souhaitez un devis, merci de nous adresser un email \u00e0 esdras.assurances@orange.fr<\/p>\n<p><span class=\"st\">Nous vous contacterons rapidement.<\/span><\/p>\n<p><strong>Esdras Assurances<\/strong><\/p>\n","protected":false},"excerpt":{"rendered":"<p>Le cabinet Esdras Assurances\u00a0offre une protection \u00e0\u00a0votre animal de compagnie. Nous vous proposons de prot\u00e9ger votre compagnon contre les al\u00e9as de la vie, tant en ce qui concerne les accidents ou\u00a0 la\u00a0maladie.Votre animal peut aussi b\u00e9n\u00e9ficier de garanties \u00e9lev\u00e9es.Les conditions pour assurer votre animal\u00a0: Votre chien doit avoir\u00a0entre 3 mois et 8 ans, et\u00a0\u00eatre tatou\u00e9 [&hellip;]<\/p>\n","protected":false},"author":1,"featured_media":0,"parent":0,"menu_order":0,"comment_status":"closed","ping_status":"closed","template":"","meta":[],"yoast_head":"<!-- This site is optimized with the Yoast SEO plugin v18.7 - https:\/\/yoast.com\/wordpress\/plugins\/seo\/ -->\n<title>Chiens, chats... - Esdras Assurances<\/title>\n<meta name=\"robots\" content=\"index, follow, max-snippet:-1, max-image-preview:large, max-video-preview:-1\" \/>\n<link rel=\"canonical\" href=\"https:\/\/www.esdras-assurances.fr\/assurance\/?page_id=55\" \/>\n<meta property=\"og:locale\" content=\"fr_FR\" \/>\n<meta property=\"og:type\" content=\"article\" \/>\n<meta property=\"og:title\" content=\"Chiens, chats... - Esdras Assurances\" \/>\n<meta property=\"og:description\" content=\"Le cabinet Esdras Assurances\u00a0offre une protection \u00e0\u00a0votre animal de compagnie. Nous vous proposons de prot\u00e9ger votre compagnon contre les al\u00e9as de la vie, tant en ce qui concerne les accidents ou\u00a0 la\u00a0maladie.Votre animal peut aussi b\u00e9n\u00e9ficier de garanties \u00e9lev\u00e9es.Les conditions pour assurer votre animal\u00a0: Votre chien doit avoir\u00a0entre 3 mois et 8 ans, et\u00a0\u00eatre tatou\u00e9 [&hellip;]\" \/>\n<meta property=\"og:url\" content=\"https:\/\/www.esdras-assurances.fr\/assurance\/?page_id=55\" \/>\n<meta property=\"og:site_name\" content=\"Esdras Assurances\" \/>\n<meta property=\"article:modified_time\" content=\"2022-05-04T11:37:50+00:00\" \/>\n<meta property=\"og:image\" content=\"http:\/\/www.esdras-assurances.fr\/assurance\/wp-content\/uploads\/2014\/06\/image_123.jpg\" \/>\n<meta name=\"twitter:label1\" content=\"Dur\u00e9e de lecture estim\u00e9e\" \/>\n\t<meta name=\"twitter:data1\" content=\"2 minutes\" \/>\n<script type=\"application\/ld+json\" class=\"yoast-schema-graph\">{\"@context\":\"https:\/\/schema.org\",\"@graph\":[{\"@type\":\"WebSite\",\"@id\":\"https:\/\/www.esdras-assurances.fr\/assurance\/#website\",\"url\":\"https:\/\/www.esdras-assurances.fr\/assurance\/\",\"name\":\"Esdras Assurances\",\"description\":\"Nous faisons aux autres ce que nous voudrions qu&#039;ils nous fassent !\",\"potentialAction\":[{\"@type\":\"SearchAction\",\"target\":{\"@type\":\"EntryPoint\",\"urlTemplate\":\"https:\/\/www.esdras-assurances.fr\/assurance\/?s={search_term_string}\"},\"query-input\":\"required name=search_term_string\"}],\"inLanguage\":\"fr-FR\"},{\"@type\":\"ImageObject\",\"inLanguage\":\"fr-FR\",\"@id\":\"https:\/\/www.esdras-assurances.fr\/assurance\/?page_id=55#primaryimage\",\"url\":\"https:\/\/www.esdras-assurances.fr\/assurance\/wp-content\/uploads\/2014\/06\/image_123.jpg\",\"contentUrl\":\"https:\/\/www.esdras-assurances.fr\/assurance\/wp-content\/uploads\/2014\/06\/image_123.jpg\",\"width\":300,\"height\":225},{\"@type\":\"WebPage\",\"@id\":\"https:\/\/www.esdras-assurances.fr\/assurance\/?page_id=55#webpage\",\"url\":\"https:\/\/www.esdras-assurances.fr\/assurance\/?page_id=55\",\"name\":\"Chiens, chats... - Esdras Assurances\",\"isPartOf\":{\"@id\":\"https:\/\/www.esdras-assurances.fr\/assurance\/#website\"},\"primaryImageOfPage\":{\"@id\":\"https:\/\/www.esdras-assurances.fr\/assurance\/?page_id=55#primaryimage\"},\"datePublished\":\"2014-06-22T15:11:09+00:00\",\"dateModified\":\"2022-05-04T11:37:50+00:00\",\"breadcrumb\":{\"@id\":\"https:\/\/www.esdras-assurances.fr\/assurance\/?page_id=55#breadcrumb\"},\"inLanguage\":\"fr-FR\",\"potentialAction\":[{\"@type\":\"ReadAction\",\"target\":[\"https:\/\/www.esdras-assurances.fr\/assurance\/?page_id=55\"]}]},{\"@type\":\"BreadcrumbList\",\"@id\":\"https:\/\/www.esdras-assurances.fr\/assurance\/?page_id=55#breadcrumb\",\"itemListElement\":[{\"@type\":\"ListItem\",\"position\":1,\"name\":\"Accueil\",\"item\":\"https:\/\/www.esdras-assurances.fr\/assurance\/\"},{\"@type\":\"ListItem\",\"position\":2,\"name\":\"Chiens, chats&#8230;\"}]}]}<\/script>\n<!-- \/ Yoast SEO plugin. -->","yoast_head_json":{"title":"Chiens, chats... - Esdras Assurances","robots":{"index":"index","follow":"follow","max-snippet":"max-snippet:-1","max-image-preview":"max-image-preview:large","max-video-preview":"max-video-preview:-1"},"canonical":"https:\/\/www.esdras-assurances.fr\/assurance\/?page_id=55","og_locale":"fr_FR","og_type":"article","og_title":"Chiens, chats... - Esdras Assurances","og_description":"Le cabinet Esdras Assurances\u00a0offre une protection \u00e0\u00a0votre animal de compagnie. Nous vous proposons de prot\u00e9ger votre compagnon contre les al\u00e9as de la vie, tant en ce qui concerne les accidents ou\u00a0 la\u00a0maladie.Votre animal peut aussi b\u00e9n\u00e9ficier de garanties \u00e9lev\u00e9es.Les conditions pour assurer votre animal\u00a0: Votre chien doit avoir\u00a0entre 3 mois et 8 ans, et\u00a0\u00eatre tatou\u00e9 [&hellip;]","og_url":"https:\/\/www.esdras-assurances.fr\/assurance\/?page_id=55","og_site_name":"Esdras Assurances","article_modified_time":"2022-05-04T11:37:50+00:00","og_image":[{"url":"http:\/\/www.esdras-assurances.fr\/assurance\/wp-content\/uploads\/2014\/06\/image_123.jpg"}],"twitter_misc":{"Dur\u00e9e de lecture estim\u00e9e":"2 minutes"},"schema":{"@context":"https:\/\/schema.org","@graph":[{"@type":"WebSite","@id":"https:\/\/www.esdras-assurances.fr\/assurance\/#website","url":"https:\/\/www.esdras-assurances.fr\/assurance\/","name":"Esdras Assurances","description":"Nous faisons aux autres ce que nous voudrions qu&#039;ils nous fassent !","potentialAction":[{"@type":"SearchAction","target":{"@type":"EntryPoint","urlTemplate":"https:\/\/www.esdras-assurances.fr\/assurance\/?s={search_term_string}"},"query-input":"required name=search_term_string"}],"inLanguage":"fr-FR"},{"@type":"ImageObject","inLanguage":"fr-FR","@id":"https:\/\/www.esdras-assurances.fr\/assurance\/?page_id=55#primaryimage","url":"https:\/\/www.esdras-assurances.fr\/assurance\/wp-content\/uploads\/2014\/06\/image_123.jpg","contentUrl":"https:\/\/www.esdras-assurances.fr\/assurance\/wp-content\/uploads\/2014\/06\/image_123.jpg","width":300,"height":225},{"@type":"WebPage","@id":"https:\/\/www.esdras-assurances.fr\/assurance\/?page_id=55#webpage","url":"https:\/\/www.esdras-assurances.fr\/assurance\/?page_id=55","name":"Chiens, chats... - Esdras Assurances","isPartOf":{"@id":"https:\/\/www.esdras-assurances.fr\/assurance\/#website"},"primaryImageOfPage":{"@id":"https:\/\/www.esdras-assurances.fr\/assurance\/?page_id=55#primaryimage"},"datePublished":"2014-06-22T15:11:09+00:00","dateModified":"2022-05-04T11:37:50+00:00","breadcrumb":{"@id":"https:\/\/www.esdras-assurances.fr\/assurance\/?page_id=55#breadcrumb"},"inLanguage":"fr-FR","potentialAction":[{"@type":"ReadAction","target":["https:\/\/www.esdras-assurances.fr\/assurance\/?page_id=55"]}]},{"@type":"BreadcrumbList","@id":"https:\/\/www.esdras-assurances.fr\/assurance\/?page_id=55#breadcrumb","itemListElement":[{"@type":"ListItem","position":1,"name":"Accueil","item":"https:\/\/www.esdras-assurances.fr\/assurance\/"},{"@type":"ListItem","position":2,"name":"Chiens, chats&#8230;"}]}]}},"_links":{"self":[{"href":"https:\/\/www.esdras-assurances.fr\/assurance\/index.php?rest_route=\/wp\/v2\/pages\/55"}],"collection":[{"href":"https:\/\/www.esdras-assurances.fr\/assurance\/index.php?rest_route=\/wp\/v2\/pages"}],"about":[{"href":"https:\/\/www.esdras-assurances.fr\/assurance\/index.php?rest_route=\/wp\/v2\/types\/page"}],"author":[{"embeddable":true,"href":"https:\/\/www.esdras-assurances.fr\/assurance\/index.php?rest_route=\/wp\/v2\/users\/1"}],"replies":[{"embeddable":true,"href":"https:\/\/www.esdras-assurances.fr\/assurance\/index.php?rest_route=%2Fwp%2Fv2%2Fcomments&post=55"}],"version-history":[{"count":6,"href":"https:\/\/www.esdras-assurances.fr\/assurance\/index.php?rest_route=\/wp\/v2\/pages\/55\/revisions"}],"predecessor-version":[{"id":360,"href":"https:\/\/www.esdras-assurances.fr\/assurance\/index.php?rest_route=\/wp\/v2\/pages\/55\/revisions\/360"}],"wp:attachment":[{"href":"https:\/\/www.esdras-assurances.fr\/assurance\/index.php?rest_route=%2Fwp%2Fv2%2Fmedia&parent=55"}],"curies":[{"name":"wp","href":"https:\/\/api.w.org\/{rel}","templated":true}]}}