{"id":89,"date":"2014-06-23T14:07:19","date_gmt":"2014-06-23T13:07:19","guid":{"rendered":"http:\/\/www.esdras-assurances.fr\/assurance\/?page_id=89"},"modified":"2014-07-19T20:46:50","modified_gmt":"2014-07-19T19:46:50","slug":"contrat-flotte","status":"publish","type":"page","link":"https:\/\/www.esdras-assurances.fr\/assurance\/?page_id=89","title":{"rendered":"Contrat flotte"},"content":{"rendered":"<p><strong>Esdras Assurances<\/strong> propose \u00e9galement des solutions pour les professionnels.<\/p>\n<p>En tant que chef d&rsquo;entreprise, vous devez <strong><span style=\"color: #ff6600;\">faire face aux risques<\/span><\/strong> qui pourraient mettre votre entreprise en p\u00e9ril.<\/p>\n<p>L&rsquo;assurance flotte vous permet de regrouper les contrats de vos v\u00e9hicules en un seul contrat avec une sinistralit\u00e9 unique. Ainsi, un v\u00e9hicule sinistr\u00e9\u00a0verra sa sinistralit\u00e9 r\u00e9partie sur l&rsquo;ensemble du parc. Possible \u00e0\u00a0partir de\u00a02 v\u00e9hicules, cette solution facilite la gestion de vos contrats et vous permet de faire des \u00e9conomies.<\/p>\n<p>&nbsp;<\/p>\n<p><a href=\"http:\/\/www.esdras-assurances.fr\/assurance\/wp-content\/uploads\/2014\/06\/image_154.jpg\"><img loading=\"lazy\" class=\"size-full wp-image-90 aligncenter\" src=\"http:\/\/www.esdras-assurances.fr\/assurance\/wp-content\/uploads\/2014\/06\/image_154.jpg\" alt=\"image_154\" width=\"210\" height=\"140\" srcset=\"https:\/\/www.esdras-assurances.fr\/assurance\/wp-content\/uploads\/2014\/06\/image_154.jpg 210w, https:\/\/www.esdras-assurances.fr\/assurance\/wp-content\/uploads\/2014\/06\/image_154-100x66.jpg 100w, https:\/\/www.esdras-assurances.fr\/assurance\/wp-content\/uploads\/2014\/06\/image_154-150x100.jpg 150w, https:\/\/www.esdras-assurances.fr\/assurance\/wp-content\/uploads\/2014\/06\/image_154-200x133.jpg 200w\" sizes=\"(max-width: 210px) 100vw, 210px\" \/><\/a><\/p>\n<p>Ce contrat est\u00a0destin\u00e9 pour :<\/p>\n<ul>\n<li>les professionnels de l&rsquo;automobile qui peuvent garantir l&rsquo;ensemble des v\u00e9hicules pr\u00e9sents dans leur stock m\u00eame lorsque celui-ci se renouvelle. Vous simplifiez ainsi la gestion de votre parc puisque chaque v\u00e9hicule arrivant ne n\u00e9cessite pas d&rsquo;\u00eatre d\u00e9clar\u00e9.<\/li>\n<li>les flottes d&rsquo;entreprise, vous r\u00e9alisez des \u00e9conomies tarifaires en r\u00e9groupant tous vos contrats en un seul. La sinistralit\u00e9 est unique et ne donne lieu qu&rsquo;\u00e0 un seul rapport de sinistre-\u00e0-prime<sup><span style=\"color: #ff6600;\"> ( rapport entre le sinistre\u00a0pay\u00e9 et la prime re\u00e7ue. )<\/span><\/sup>. Vous disposez \u00e9galement de franchises adapt\u00e9es \u00e0 la taille et \u00e0 la configuration de votre entreprise.<\/li>\n<\/ul>\n<ul>\n<li>Les professionnels du transport qui peuvent\u00a0couvrir leur flotte par un seul contrat, ainsi que leur marchandise transport\u00e9e.<\/li>\n<\/ul>\n<ul>\n<li>Les associations (Loi 1901, Loi 1905) poss\u00e9dant ses\u00a0propres\u00a0v\u00e9hicules.<\/li>\n<\/ul>\n<p>Nos partenaires vous fournissent des niveaux de garantie et de tarifs adapt\u00e9s \u00e0 vos besoins.<\/p>\n<p>&nbsp;<\/p>\n<p>Si vous souhaitez \u00eatre contact\u00e9s pour plus d&rsquo;informations ou un devis concernant les contrats flotte, <a title=\"Contact\" href=\"http:\/\/www.esdras-assurances.fr\/assurance\/?page_id=108\"><strong>cliquez ici<\/strong><strong>.<\/strong><\/a><\/p>\n","protected":false},"excerpt":{"rendered":"<p>Esdras Assurances propose \u00e9galement des solutions pour les professionnels. En tant que chef d&rsquo;entreprise, vous devez faire face aux risques qui pourraient mettre votre entreprise en p\u00e9ril. L&rsquo;assurance flotte vous permet de regrouper les contrats de vos v\u00e9hicules en un seul contrat avec une sinistralit\u00e9 unique. Ainsi, un v\u00e9hicule sinistr\u00e9\u00a0verra sa sinistralit\u00e9 r\u00e9partie sur l&rsquo;ensemble [&hellip;]<\/p>\n","protected":false},"author":1,"featured_media":256,"parent":0,"menu_order":0,"comment_status":"closed","ping_status":"closed","template":"","meta":[],"yoast_head":"<!-- This site is optimized with the Yoast SEO plugin v18.7 - https:\/\/yoast.com\/wordpress\/plugins\/seo\/ -->\n<title>Contrat flotte - Esdras Assurances<\/title>\n<meta name=\"robots\" content=\"index, follow, max-snippet:-1, max-image-preview:large, max-video-preview:-1\" \/>\n<link rel=\"canonical\" href=\"https:\/\/www.esdras-assurances.fr\/assurance\/?page_id=89\" \/>\n<meta property=\"og:locale\" content=\"fr_FR\" \/>\n<meta property=\"og:type\" content=\"article\" \/>\n<meta property=\"og:title\" content=\"Contrat flotte - Esdras Assurances\" \/>\n<meta property=\"og:description\" content=\"Esdras Assurances propose \u00e9galement des solutions pour les professionnels. En tant que chef d&rsquo;entreprise, vous devez faire face aux risques qui pourraient mettre votre entreprise en p\u00e9ril. L&rsquo;assurance flotte vous permet de regrouper les contrats de vos v\u00e9hicules en un seul contrat avec une sinistralit\u00e9 unique. Ainsi, un v\u00e9hicule sinistr\u00e9\u00a0verra sa sinistralit\u00e9 r\u00e9partie sur l&rsquo;ensemble [&hellip;]\" \/>\n<meta property=\"og:url\" content=\"https:\/\/www.esdras-assurances.fr\/assurance\/?page_id=89\" \/>\n<meta property=\"og:site_name\" content=\"Esdras Assurances\" \/>\n<meta property=\"article:modified_time\" content=\"2014-07-19T19:46:50+00:00\" \/>\n<meta property=\"og:image\" content=\"https:\/\/www.esdras-assurances.fr\/assurance\/wp-content\/uploads\/2014\/06\/Rz_45.jpg\" \/>\n\t<meta property=\"og:image:width\" content=\"500\" \/>\n\t<meta property=\"og:image:height\" content=\"344\" \/>\n\t<meta property=\"og:image:type\" content=\"image\/jpeg\" \/>\n<meta name=\"twitter:label1\" content=\"Dur\u00e9e de lecture estim\u00e9e\" \/>\n\t<meta name=\"twitter:data1\" content=\"1 minute\" \/>\n<script type=\"application\/ld+json\" class=\"yoast-schema-graph\">{\"@context\":\"https:\/\/schema.org\",\"@graph\":[{\"@type\":\"WebSite\",\"@id\":\"https:\/\/www.esdras-assurances.fr\/assurance\/#website\",\"url\":\"https:\/\/www.esdras-assurances.fr\/assurance\/\",\"name\":\"Esdras Assurances\",\"description\":\"Nous faisons aux autres ce que nous voudrions qu&#039;ils nous fassent !\",\"potentialAction\":[{\"@type\":\"SearchAction\",\"target\":{\"@type\":\"EntryPoint\",\"urlTemplate\":\"https:\/\/www.esdras-assurances.fr\/assurance\/?s={search_term_string}\"},\"query-input\":\"required name=search_term_string\"}],\"inLanguage\":\"fr-FR\"},{\"@type\":\"ImageObject\",\"inLanguage\":\"fr-FR\",\"@id\":\"https:\/\/www.esdras-assurances.fr\/assurance\/?page_id=89#primaryimage\",\"url\":\"https:\/\/www.esdras-assurances.fr\/assurance\/wp-content\/uploads\/2014\/06\/Rz_45.jpg\",\"contentUrl\":\"https:\/\/www.esdras-assurances.fr\/assurance\/wp-content\/uploads\/2014\/06\/Rz_45.jpg\",\"width\":500,\"height\":344},{\"@type\":\"WebPage\",\"@id\":\"https:\/\/www.esdras-assurances.fr\/assurance\/?page_id=89#webpage\",\"url\":\"https:\/\/www.esdras-assurances.fr\/assurance\/?page_id=89\",\"name\":\"Contrat flotte - Esdras Assurances\",\"isPartOf\":{\"@id\":\"https:\/\/www.esdras-assurances.fr\/assurance\/#website\"},\"primaryImageOfPage\":{\"@id\":\"https:\/\/www.esdras-assurances.fr\/assurance\/?page_id=89#primaryimage\"},\"datePublished\":\"2014-06-23T13:07:19+00:00\",\"dateModified\":\"2014-07-19T19:46:50+00:00\",\"breadcrumb\":{\"@id\":\"https:\/\/www.esdras-assurances.fr\/assurance\/?page_id=89#breadcrumb\"},\"inLanguage\":\"fr-FR\",\"potentialAction\":[{\"@type\":\"ReadAction\",\"target\":[\"https:\/\/www.esdras-assurances.fr\/assurance\/?page_id=89\"]}]},{\"@type\":\"BreadcrumbList\",\"@id\":\"https:\/\/www.esdras-assurances.fr\/assurance\/?page_id=89#breadcrumb\",\"itemListElement\":[{\"@type\":\"ListItem\",\"position\":1,\"name\":\"Accueil\",\"item\":\"https:\/\/www.esdras-assurances.fr\/assurance\/\"},{\"@type\":\"ListItem\",\"position\":2,\"name\":\"Contrat flotte\"}]}]}<\/script>\n<!-- \/ Yoast SEO plugin. -->","yoast_head_json":{"title":"Contrat flotte - Esdras Assurances","robots":{"index":"index","follow":"follow","max-snippet":"max-snippet:-1","max-image-preview":"max-image-preview:large","max-video-preview":"max-video-preview:-1"},"canonical":"https:\/\/www.esdras-assurances.fr\/assurance\/?page_id=89","og_locale":"fr_FR","og_type":"article","og_title":"Contrat flotte - Esdras Assurances","og_description":"Esdras Assurances propose \u00e9galement des solutions pour les professionnels. En tant que chef d&rsquo;entreprise, vous devez faire face aux risques qui pourraient mettre votre entreprise en p\u00e9ril. L&rsquo;assurance flotte vous permet de regrouper les contrats de vos v\u00e9hicules en un seul contrat avec une sinistralit\u00e9 unique. Ainsi, un v\u00e9hicule sinistr\u00e9\u00a0verra sa sinistralit\u00e9 r\u00e9partie sur l&rsquo;ensemble [&hellip;]","og_url":"https:\/\/www.esdras-assurances.fr\/assurance\/?page_id=89","og_site_name":"Esdras Assurances","article_modified_time":"2014-07-19T19:46:50+00:00","og_image":[{"width":500,"height":344,"url":"https:\/\/www.esdras-assurances.fr\/assurance\/wp-content\/uploads\/2014\/06\/Rz_45.jpg","type":"image\/jpeg"}],"twitter_misc":{"Dur\u00e9e de lecture estim\u00e9e":"1 minute"},"schema":{"@context":"https:\/\/schema.org","@graph":[{"@type":"WebSite","@id":"https:\/\/www.esdras-assurances.fr\/assurance\/#website","url":"https:\/\/www.esdras-assurances.fr\/assurance\/","name":"Esdras Assurances","description":"Nous faisons aux autres ce que nous voudrions qu&#039;ils nous fassent !","potentialAction":[{"@type":"SearchAction","target":{"@type":"EntryPoint","urlTemplate":"https:\/\/www.esdras-assurances.fr\/assurance\/?s={search_term_string}"},"query-input":"required name=search_term_string"}],"inLanguage":"fr-FR"},{"@type":"ImageObject","inLanguage":"fr-FR","@id":"https:\/\/www.esdras-assurances.fr\/assurance\/?page_id=89#primaryimage","url":"https:\/\/www.esdras-assurances.fr\/assurance\/wp-content\/uploads\/2014\/06\/Rz_45.jpg","contentUrl":"https:\/\/www.esdras-assurances.fr\/assurance\/wp-content\/uploads\/2014\/06\/Rz_45.jpg","width":500,"height":344},{"@type":"WebPage","@id":"https:\/\/www.esdras-assurances.fr\/assurance\/?page_id=89#webpage","url":"https:\/\/www.esdras-assurances.fr\/assurance\/?page_id=89","name":"Contrat flotte - Esdras Assurances","isPartOf":{"@id":"https:\/\/www.esdras-assurances.fr\/assurance\/#website"},"primaryImageOfPage":{"@id":"https:\/\/www.esdras-assurances.fr\/assurance\/?page_id=89#primaryimage"},"datePublished":"2014-06-23T13:07:19+00:00","dateModified":"2014-07-19T19:46:50+00:00","breadcrumb":{"@id":"https:\/\/www.esdras-assurances.fr\/assurance\/?page_id=89#breadcrumb"},"inLanguage":"fr-FR","potentialAction":[{"@type":"ReadAction","target":["https:\/\/www.esdras-assurances.fr\/assurance\/?page_id=89"]}]},{"@type":"BreadcrumbList","@id":"https:\/\/www.esdras-assurances.fr\/assurance\/?page_id=89#breadcrumb","itemListElement":[{"@type":"ListItem","position":1,"name":"Accueil","item":"https:\/\/www.esdras-assurances.fr\/assurance\/"},{"@type":"ListItem","position":2,"name":"Contrat flotte"}]}]}},"_links":{"self":[{"href":"https:\/\/www.esdras-assurances.fr\/assurance\/index.php?rest_route=\/wp\/v2\/pages\/89"}],"collection":[{"href":"https:\/\/www.esdras-assurances.fr\/assurance\/index.php?rest_route=\/wp\/v2\/pages"}],"about":[{"href":"https:\/\/www.esdras-assurances.fr\/assurance\/index.php?rest_route=\/wp\/v2\/types\/page"}],"author":[{"embeddable":true,"href":"https:\/\/www.esdras-assurances.fr\/assurance\/index.php?rest_route=\/wp\/v2\/users\/1"}],"replies":[{"embeddable":true,"href":"https:\/\/www.esdras-assurances.fr\/assurance\/index.php?rest_route=%2Fwp%2Fv2%2Fcomments&post=89"}],"version-history":[{"count":7,"href":"https:\/\/www.esdras-assurances.fr\/assurance\/index.php?rest_route=\/wp\/v2\/pages\/89\/revisions"}],"predecessor-version":[{"id":249,"href":"https:\/\/www.esdras-assurances.fr\/assurance\/index.php?rest_route=\/wp\/v2\/pages\/89\/revisions\/249"}],"wp:featuredmedia":[{"embeddable":true,"href":"https:\/\/www.esdras-assurances.fr\/assurance\/index.php?rest_route=\/wp\/v2\/media\/256"}],"wp:attachment":[{"href":"https:\/\/www.esdras-assurances.fr\/assurance\/index.php?rest_route=%2Fwp%2Fv2%2Fmedia&parent=89"}],"curies":[{"name":"wp","href":"https:\/\/api.w.org\/{rel}","templated":true}]}}